{"id":9500,"date":"2023-10-23T21:42:00","date_gmt":"2023-10-23T21:42:00","guid":{"rendered":"https:\/\/kechenessentials.com\/index.php\/product\/paper-towel-holder-heavy-marble-base-free-standing-paper-towel-holder-countertop-for-kitchen-paper-towel-dispenser-with-weighted-base-brushed-nickel-pole\/"},"modified":"2023-10-23T21:42:00","modified_gmt":"2023-10-23T21:42:00","slug":"paper-towel-holder-heavy-marble-base-free-standing-paper-towel-holder-countertop-for-kitchen-paper-towel-dispenser-with-weighted-base-brushed-nickel-pole","status":"publish","type":"product","link":"https:\/\/kechenessentials.com\/index.php\/product\/paper-towel-holder-heavy-marble-base-free-standing-paper-towel-holder-countertop-for-kitchen-paper-towel-dispenser-with-weighted-base-brushed-nickel-pole\/","title":{"rendered":"Paper Towel Holder Heavy Marble Base, Free Standing Paper Towel Holder Countertop for Kitchen, Paper Towel Dispenser with Weighted Base, Brushed Nickel Pole"},"content":{"rendered":"<p>Price: <span style=\"color:#b12704\"><del>$22.99<\/del> - $17.99<\/span><br \/><i><small>(as of Oct 23, 2023 21:42:00 UTC &#8211; <span class=\"wp_automatic_amazon_disclaimer\" title=\"Product prices and availability are accurate as of the date\/time indicated and are subject to change. Any price and availability information displayed on [relevant Amazon Site(s), as applicable] at the time of purchase will apply to the purchase of this product.\">Details<\/span>)<\/small><\/i><\/p>\n<p><a href=\"https:\/\/amazon.com\/dp\/B08HYB18SD?tag=kechenessenti-20\" target=\"_blank\" rel=\"noopener\"><img decoding=\"async\" src=\"https:\/\/valvepress.s3.amazonaws.com\/imgs\/buy_now.png\"><\/a><br \/>\n<\/p>\n<p>       Product Description <\/p>\n<p>            <img decoding=\"async\" alt=\"toilet paper holder polished chrome\" src=\"https:\/\/images-na.ssl-images-amazon.com\/images\/G\/01\/x-locale\/common\/grey-pixel.gif\" class=\"a-lazy-loaded\" data-src=\"https:\/\/m.media-amazon.com\/images\/S\/aplus-media\/sc\/9eba386a-3e25-4aec-b70a-3d18b7e6dcb8.__CR0,0,970,300_PT0_SX970_V1___.jpg\"><\/p>\n<p>             <img decoding=\"async\" alt=\"toilet paper holder polished chrome\" src=\"https:\/\/m.media-amazon.com\/images\/S\/aplus-media\/sc\/9eba386a-3e25-4aec-b70a-3d18b7e6dcb8.__CR0,0,970,300_PT0_SX970_V1___.jpg\"><\/p>\n<p> Noonext is a store that focus on high quality household essentials, such as, different colors toilet paper holder with phone shelf, marble base paper towel holder, paper towel holder under cabinet and bungee cords with balls. <\/p>\n<p>                 Material<br \/>\n                 SUS304 Stainless Steel<br \/>\n                 Natural Marble Base<br \/>\n                 SUS304 Stainless Steel<br \/>\n                 SUS304 Stainless Steel<br \/>\n                 SUS304 Stainless Steel<br \/>\n                 Rubble   <\/p>\n<p>          <img decoding=\"async\" alt=\"paper towel holder countertop\" src=\"https:\/\/images-na.ssl-images-amazon.com\/images\/G\/01\/x-locale\/common\/grey-pixel.gif\" class=\"a-spacing-base a-lazy-loaded\" data-src=\"https:\/\/m.media-amazon.com\/images\/S\/aplus-media-library-service-media\/a2cf5cee-a3ed-4fc3-a7d3-adc82e37d8bf.__CR0,0,970,600_PT0_SX970_V1___.jpg\"><\/p>\n<p>           <img decoding=\"async\" alt=\"paper towel holder countertop\" src=\"https:\/\/m.media-amazon.com\/images\/S\/aplus-media-library-service-media\/a2cf5cee-a3ed-4fc3-a7d3-adc82e37d8bf.__CR0,0,970,600_PT0_SX970_V1___.jpg\"><\/p>\n<p>          <img decoding=\"async\" alt=\"countertop paper towel holder\" src=\"https:\/\/images-na.ssl-images-amazon.com\/images\/G\/01\/x-locale\/common\/grey-pixel.gif\" class=\"a-spacing-base a-lazy-loaded\" data-src=\"https:\/\/m.media-amazon.com\/images\/S\/aplus-media-library-service-media\/5cec1adf-ecdb-494e-bc9b-d73c6234a43c.__CR0,0,970,600_PT0_SX970_V1___.jpg\"><\/p>\n<p>           <img decoding=\"async\" alt=\"countertop paper towel holder\" src=\"https:\/\/m.media-amazon.com\/images\/S\/aplus-media-library-service-media\/5cec1adf-ecdb-494e-bc9b-d73c6234a43c.__CR0,0,970,600_PT0_SX970_V1___.jpg\"><\/p>\n<p>          <img decoding=\"async\" alt=\"paper towel holder\" src=\"https:\/\/images-na.ssl-images-amazon.com\/images\/G\/01\/x-locale\/common\/grey-pixel.gif\" class=\"a-spacing-base a-lazy-loaded\" data-src=\"https:\/\/m.media-amazon.com\/images\/S\/aplus-media-library-service-media\/900facd6-fb81-4bb3-84a6-4a62b66247b8.__CR0,0,970,600_PT0_SX970_V1___.jpg\"><\/p>\n<p>           <img decoding=\"async\" alt=\"paper towel holder\" src=\"https:\/\/m.media-amazon.com\/images\/S\/aplus-media-library-service-media\/900facd6-fb81-4bb3-84a6-4a62b66247b8.__CR0,0,970,600_PT0_SX970_V1___.jpg\"><\/p>\n<p>          <img decoding=\"async\" alt=\"paper towel holder marble base\" src=\"https:\/\/images-na.ssl-images-amazon.com\/images\/G\/01\/x-locale\/common\/grey-pixel.gif\" class=\"a-spacing-base a-lazy-loaded\" data-src=\"https:\/\/m.media-amazon.com\/images\/S\/aplus-media-library-service-media\/ff33599e-fd74-48f3-a46f-9b4304346204.__CR0,0,970,600_PT0_SX970_V1___.jpg\"><\/p>\n<p>           <img decoding=\"async\" alt=\"paper towel holder marble base\" src=\"https:\/\/m.media-amazon.com\/images\/S\/aplus-media-library-service-media\/ff33599e-fd74-48f3-a46f-9b4304346204.__CR0,0,970,600_PT0_SX970_V1___.jpg\"><\/p>\n<p class=\"a-spacing-base\">\n<p>           Strong and sturdy paper towel holder with heavy natural marble base.<br \/>\n           The base is very heavy. You can rip paper towels off on most rolls without holding the paper towel. It also easily handles the jumbo paper towel rolls.<br \/>\n           It is modern and sleek, and fits well with your kitchen decor<\/p>\n<p>          <img decoding=\"async\" alt=\"paper towel holder for kitchen\" src=\"https:\/\/images-na.ssl-images-amazon.com\/images\/G\/01\/x-locale\/common\/grey-pixel.gif\" class=\"a-spacing-base a-lazy-loaded\" data-src=\"https:\/\/m.media-amazon.com\/images\/S\/aplus-media-library-service-media\/4bc7142b-d4f0-44a7-a52f-d40f482bfb5e.__CR0,0,970,600_PT0_SX970_V1___.jpg\"><\/p>\n<p>           <img decoding=\"async\" alt=\"paper towel holder for kitchen\" src=\"https:\/\/m.media-amazon.com\/images\/S\/aplus-media-library-service-media\/4bc7142b-d4f0-44a7-a52f-d40f482bfb5e.__CR0,0,970,600_PT0_SX970_V1___.jpg\"><\/p>\n<p class=\"a-spacing-base\"> Product information: <\/p>\n<p class=\"a-spacing-base\">\n<p>           Item Name: Paper Towel Holder Countertop \/ Paper Towel Holder with Marble Base \/ Mega roll Holder<br \/>\n           Material: SUS304 Stainless Steel for Rod, Natural Marble for Base<br \/>\n           Color: Brushed Nickel<br \/>\n           Product size: Base: 6.7inch (diameter) x 0.8inch (thickness), Rod: 13.6inch (length)<br \/>\n           Product weight: 2.8lbs<br \/>\n           Package contents: 1\u00d7Paper Towel Holder Marble Base; 1\u00d7Paper Towel Holder Rod; 1\u00d7Mini Screwdriver; 1\u00d7Cleaning Cloth; 2\u00d7Adhesive Hooks; 1\u00d7User manual<\/p>\n<p>Modern and Stylish Look. The natural marble base looks very attractive, and it also can bring the decoration a sense of elegance for your kitchen. Together with 304 stainless steel rod, the brushed steel color is pretty and blends in well. The paper towel holder not just makes your life in the kitchen so much easier, but also work as a d\u00e9cor for your kitchen.<br \/>Easy to Assemble and Use. In a few simple steps, you can quickly assemble the paper towel holder with the supplied screwdriver. Designed with the round top knob, it is easy to move the paper towel holder to the place you want.<br \/>Fits most sizes of paper towel. This paper towel holder countertop with 6.7-inch widened base and 13.6-inch extended rod, it is stable and suitable for all standard and oversized rolls of paper towels.<br \/>Felt Pad Underneath the Marble Base. No slippery, and no scratching to your countertop. The felt pad will protect your counter surfaces from any damage.<br \/>\n<br \/><\/p>\n","protected":false},"excerpt":{"rendered":"<p> Product Description Noonext is a store that focus on high quality household essentials, such as, different colors toilet paper holder with phone shelf, marble base paper towel holder, paper towel holder under cabinet and bungee cords with balls. Material SUS304 Stainless Steel Natural Marble Base SUS304 Stainless Steel SUS304 Stainless [&hellip;]<\/p>\n","protected":false},"featured_media":9501,"comment_status":"open","ping_status":"closed","template":"","meta":{"site-sidebar-layout":"default","site-content-layout":"","ast-site-content-layout":"default","site-content-style":"default","site-sidebar-style":"default","ast-global-header-display":"","ast-banner-title-visibility":"","ast-main-header-display":"","ast-hfb-above-header-display":"","ast-hfb-below-header-display":"","ast-hfb-mobile-header-display":"","site-post-title":"","ast-breadcrumbs-content":"","ast-featured-img":"","footer-sml-layout":"","ast-disable-related-posts":"","theme-transparent-header-meta":"","adv-header-id-meta":"","stick-header-meta":"","header-above-stick-meta":"","header-main-stick-meta":"","header-below-stick-meta":"","astra-migrate-meta-layouts":"default","ast-page-background-enabled":"default","ast-page-background-meta":{"desktop":{"background-color":"var(--ast-global-color-4)","background-image":"","background-repeat":"repeat","background-position":"center center","background-size":"auto","background-attachment":"scroll","background-type":"","background-media":"","overlay-type":"","overlay-color":"","overlay-opacity":"","overlay-gradient":""},"tablet":{"background-color":"","background-image":"","background-repeat":"repeat","background-position":"center center","background-size":"auto","background-attachment":"scroll","background-type":"","background-media":"","overlay-type":"","overlay-color":"","overlay-opacity":"","overlay-gradient":""},"mobile":{"background-color":"","background-image":"","background-repeat":"repeat","background-position":"center center","background-size":"auto","background-attachment":"scroll","background-type":"","background-media":"","overlay-type":"","overlay-color":"","overlay-opacity":"","overlay-gradient":""}},"ast-content-background-meta":{"desktop":{"background-color":"var(--ast-global-color-5)","background-image":"","background-repeat":"repeat","background-position":"center center","background-size":"auto","background-attachment":"scroll","background-type":"","background-media":"","overlay-type":"","overlay-color":"","overlay-opacity":"","overlay-gradient":""},"tablet":{"background-color":"var(--ast-global-color-5)","background-image":"","background-repeat":"repeat","background-position":"center center","background-size":"auto","background-attachment":"scroll","background-type":"","background-media":"","overlay-type":"","overlay-color":"","overlay-opacity":"","overlay-gradient":""},"mobile":{"background-color":"var(--ast-global-color-5)","background-image":"","background-repeat":"repeat","background-position":"center center","background-size":"auto","background-attachment":"scroll","background-type":"","background-media":"","overlay-type":"","overlay-color":"","overlay-opacity":"","overlay-gradient":""}}},"product_brand":[],"product_cat":[27],"product_tag":[137],"class_list":{"0":"post-9500","1":"product","2":"type-product","3":"status-publish","4":"has-post-thumbnail","6":"product_cat-unique-countertop-organizers-and-storage","7":"product_tag-marble-paper-towel-holder","8":"desktop-align-left","9":"tablet-align-left","10":"mobile-align-left","12":"first","13":"instock","14":"sale","15":"shipping-taxable","16":"product-type-external"},"_links":{"self":[{"href":"https:\/\/kechenessentials.com\/index.php\/wp-json\/wp\/v2\/product\/9500","targetHints":{"allow":["GET"]}}],"collection":[{"href":"https:\/\/kechenessentials.com\/index.php\/wp-json\/wp\/v2\/product"}],"about":[{"href":"https:\/\/kechenessentials.com\/index.php\/wp-json\/wp\/v2\/types\/product"}],"replies":[{"embeddable":true,"href":"https:\/\/kechenessentials.com\/index.php\/wp-json\/wp\/v2\/comments?post=9500"}],"wp:featuredmedia":[{"embeddable":true,"href":"https:\/\/kechenessentials.com\/index.php\/wp-json\/wp\/v2\/media\/9501"}],"wp:attachment":[{"href":"https:\/\/kechenessentials.com\/index.php\/wp-json\/wp\/v2\/media?parent=9500"}],"wp:term":[{"taxonomy":"product_brand","embeddable":true,"href":"https:\/\/kechenessentials.com\/index.php\/wp-json\/wp\/v2\/product_brand?post=9500"},{"taxonomy":"product_cat","embeddable":true,"href":"https:\/\/kechenessentials.com\/index.php\/wp-json\/wp\/v2\/product_cat?post=9500"},{"taxonomy":"product_tag","embeddable":true,"href":"https:\/\/kechenessentials.com\/index.php\/wp-json\/wp\/v2\/product_tag?post=9500"}],"curies":[{"name":"wp","href":"https:\/\/api.w.org\/{rel}","templated":true}]}}