{"id":7762,"date":"2023-10-23T21:36:40","date_gmt":"2023-10-23T21:36:40","guid":{"rendered":"https:\/\/kechenessentials.com\/index.php\/product\/cafe-affetto-automatic-espresso-machine-milk-frother-built-in-adjustable-espresso-bean-grinder-one-touch-brew-in-90-seconds-steel-silver-1-2-liter-c7cebbs2rs3\/"},"modified":"2023-10-23T21:36:40","modified_gmt":"2023-10-23T21:36:40","slug":"cafe-affetto-automatic-espresso-machine-milk-frother-built-in-adjustable-espresso-bean-grinder-one-touch-brew-in-90-seconds-steel-silver-1-2-liter-c7cebbs2rs3","status":"publish","type":"product","link":"https:\/\/kechenessentials.com\/index.php\/product\/cafe-affetto-automatic-espresso-machine-milk-frother-built-in-adjustable-espresso-bean-grinder-one-touch-brew-in-90-seconds-steel-silver-1-2-liter-c7cebbs2rs3\/","title":{"rendered":"Caf\u00e9 Affetto Automatic Espresso Machine + Milk Frother | Built-In &#038; Adjustable Espresso Bean Grinder | One-Touch Brew in 90 Seconds | Steel Silver, 1.2 Liter, (C7CEBBS2RS3)"},"content":{"rendered":"<p>Price: <span style=\"color:#b12704\">$629.00<\/span><br \/><i><small>(as of Oct 23, 2023 21:36:40 UTC &#8211; <span class=\"wp_automatic_amazon_disclaimer\" title=\"Product prices and availability are accurate as of the date\/time indicated and are subject to change. Any price and availability information displayed on [relevant Amazon Site(s), as applicable] at the time of purchase will apply to the purchase of this product.\">Details<\/span>)<\/small><\/i><\/p>\n<p><a href=\"https:\/\/amazon.com\/dp\/B09TPZGT5K?tag=kechenessenti-20\" target=\"_blank\" rel=\"noopener\"><img decoding=\"async\" src=\"https:\/\/valvepress.s3.amazonaws.com\/imgs\/buy_now.png\"><\/a><br \/>\n<\/p>\n<p>       From the manufacturer <\/p>\n<p>            <img decoding=\"async\" alt=\"Caf\u00e9 Affetto Automatic Espresso Machine\" src=\"https:\/\/images-na.ssl-images-amazon.com\/images\/G\/01\/x-locale\/common\/grey-pixel.gif\" class=\"a-lazy-loaded\" data-src=\"https:\/\/m.media-amazon.com\/images\/S\/aplus-media-library-service-media\/5f58329e-d8e5-41bc-b00c-590ee947e36a.__CR0,0,1940,600_PT0_SX970_V1___.jpg\"><\/p>\n<p>             <img decoding=\"async\" alt=\"Caf\u00e9 Affetto Automatic Espresso Machine\" src=\"https:\/\/m.media-amazon.com\/images\/S\/aplus-media-library-service-media\/5f58329e-d8e5-41bc-b00c-590ee947e36a.__CR0,0,1940,600_PT0_SX970_V1___.jpg\"><\/p>\n<p>             <img decoding=\"async\" alt=\"Caf\u00e9 Affetto Automatic Espresso Machine + Frother\" src=\"https:\/\/images-na.ssl-images-amazon.com\/images\/G\/01\/x-locale\/common\/grey-pixel.gif\" class=\"a-spacing-mini a-lazy-loaded\" data-src=\"https:\/\/m.media-amazon.com\/images\/S\/aplus-media-library-service-media\/7638a7cf-4bef-4bde-9433-35a84c24bec2.__CR0,0,600,800_PT0_SX300_V1___.jpg\"><\/p>\n<p>              <img decoding=\"async\" alt=\"Caf\u00e9 Affetto Automatic Espresso Machine + Frother\" src=\"https:\/\/m.media-amazon.com\/images\/S\/aplus-media-library-service-media\/7638a7cf-4bef-4bde-9433-35a84c24bec2.__CR0,0,600,800_PT0_SX300_V1___.jpg\"><\/p>\n<p> <\/p>\n<p>              <img decoding=\"async\" alt=\"Cafe - Distinct by Design\" src=\"https:\/\/images-na.ssl-images-amazon.com\/images\/G\/01\/x-locale\/common\/grey-pixel.gif\" class=\"a-spacing-mini a-lazy-loaded\" data-src=\"https:\/\/m.media-amazon.com\/images\/S\/aplus-media-library-service-media\/b6d064d0-1825-475d-82aa-b845d19c9dae.__CR120,0,360,180_PT0_SX350_V1___.jpg\"><\/p>\n<p>               <img decoding=\"async\" alt=\"Cafe - Distinct by Design\" src=\"https:\/\/m.media-amazon.com\/images\/S\/aplus-media-library-service-media\/b6d064d0-1825-475d-82aa-b845d19c9dae.__CR120,0,360,180_PT0_SX350_V1___.jpg\"><\/p>\n<p>               Expressions Collection  <\/p>\n<p class=\"a-spacing-small a-size-small a-color-secondary\"> Caf\u00e9&#8217;s line of small appliances come in several beautiful finish options, each featuring the signature copper accent. The Expressions Collection is a line of countertop appliances from Caf\u00e9 that beautifully match the design of your Caf\u00e9 kitchen and have the innovative features you want. <\/p>\n<h3 class=\"a-spacing-mini\"> Caf\u00e9 Affetto Automatic Espresso Machine + Frother <\/h3>\n<p>              Steel Silver  <\/p>\n<p class=\"a-spacing-base\"> Make delicious Espresso, Americano, or dispense hot water with the Caf\u00e9 Affetto Automatic Espresso Machine + Milk Frother. With a single press of a button and in less than 90 seconds, this automatic espresso machine dispenses your desired brew. Customize drink preferences by volume and strength, with a smart espresso machine that syncs with the SmartHQ app. <\/p>\n<p>                   Built-in steam frother foam technology creates a variety of textures: airy for cappuccino, denser for latte macchiato and more<br \/>\n                   Built-in bean hopper that holds over 6 ounces<br \/>\n                   Beans are pre-infused with low pressure and gradually increased to 20 bars of high rated pump pressure<br \/>\n                   Grind size with 5 levels ranging from coarsest to fines<br \/>\n                   Removable water reservoir and adjustable dispensing spout<br \/>\n                   Compact espresso machine has a 7&#8243; wide footprint   <\/p>\n<p> <img decoding=\"async\" alt=\"One Touch Brew\" src=\"https:\/\/images-na.ssl-images-amazon.com\/images\/G\/01\/x-locale\/common\/grey-pixel.gif\" class=\"a-spacing-mini a-lazy-loaded\" data-src=\"https:\/\/m.media-amazon.com\/images\/S\/aplus-media-library-service-media\/9581131f-84bd-48ea-9f4c-ef16ee82a119.__CR0,0,600,600_PT0_SX300_V1___.jpg\"><\/p>\n<p>                  <img decoding=\"async\" alt=\"One Touch Brew\" src=\"https:\/\/m.media-amazon.com\/images\/S\/aplus-media-library-service-media\/9581131f-84bd-48ea-9f4c-ef16ee82a119.__CR0,0,600,600_PT0_SX300_V1___.jpg\">\n                  <\/p>\n<p> <img decoding=\"async\" alt=\"Balanced Extraction\" src=\"https:\/\/images-na.ssl-images-amazon.com\/images\/G\/01\/x-locale\/common\/grey-pixel.gif\" class=\"a-spacing-mini a-lazy-loaded\" data-src=\"https:\/\/m.media-amazon.com\/images\/S\/aplus-media-library-service-media\/bb9620ea-d004-4fdb-8e7b-dab8cc32bcbc.__CR0,0,600,600_PT0_SX300_V1___.jpg\"><\/p>\n<p>                  <img decoding=\"async\" alt=\"Balanced Extraction\" src=\"https:\/\/m.media-amazon.com\/images\/S\/aplus-media-library-service-media\/bb9620ea-d004-4fdb-8e7b-dab8cc32bcbc.__CR0,0,600,600_PT0_SX300_V1___.jpg\">\n                  <\/p>\n<p> <img decoding=\"async\" alt=\"Built-In Conical Burr Grinder &amp; Adjustable Grind Size\" src=\"https:\/\/images-na.ssl-images-amazon.com\/images\/G\/01\/x-locale\/common\/grey-pixel.gif\" class=\"a-spacing-mini a-lazy-loaded\" data-src=\"https:\/\/m.media-amazon.com\/images\/S\/aplus-media-library-service-media\/f628f079-8b7c-4f00-991a-6106f8c41426.__CR0,0,600,600_PT0_SX300_V1___.jpg\"><\/p>\n<p>                  <img decoding=\"async\" alt=\"Built-In Conical Burr Grinder &amp; Adjustable Grind Size\" src=\"https:\/\/m.media-amazon.com\/images\/S\/aplus-media-library-service-media\/f628f079-8b7c-4f00-991a-6106f8c41426.__CR0,0,600,600_PT0_SX300_V1___.jpg\">\n                  <\/p>\n<p>                 One Touch Brew  <\/p>\n<p> With a single press of a button and in less than 90 seconds, this automatic espresso machine dispenses Espresso, Americano, Lungo, My Cup or Hot Water. My Cup is set to ristretto and can be adjusted to a favorite espresso recipe via the SmartHQ app. <\/p>\n<p>                 Balanced Extraction  <\/p>\n<p> Beans are pre-infused with low pressure to gently bloom optimal flavor profiles and gradually increased to 20 bars of high rated pump pressure to ensure even extraction for a balanced tasting cup. <\/p>\n<p>                 Built-In Conical Burr Grinder &amp; Adjustable Grind Size  <\/p>\n<p> The stainless steel conical burr grinder delivers a consistent grind with any bean roast. Plus, you can control your grind size with 5 levels ranging from coarsest to finest for ideal taste and aroma extraction. <\/p>\n<p> <img decoding=\"async\" alt=\"WiFi Connected with Drink Customization Technology\" src=\"https:\/\/images-na.ssl-images-amazon.com\/images\/G\/01\/x-locale\/common\/grey-pixel.gif\" class=\"a-spacing-mini a-lazy-loaded\" data-src=\"https:\/\/m.media-amazon.com\/images\/S\/aplus-media-library-service-media\/769e2337-efb2-4017-840e-0d0532754d35.__CR0,0,600,600_PT0_SX300_V1___.jpg\"><\/p>\n<p>                  <img decoding=\"async\" alt=\"WiFi Connected with Drink Customization Technology\" src=\"https:\/\/m.media-amazon.com\/images\/S\/aplus-media-library-service-media\/769e2337-efb2-4017-840e-0d0532754d35.__CR0,0,600,600_PT0_SX300_V1___.jpg\">\n                  <\/p>\n<p> <img decoding=\"async\" alt=\"Steam Frother &amp; Frothing Pitcher\" src=\"https:\/\/images-na.ssl-images-amazon.com\/images\/G\/01\/x-locale\/common\/grey-pixel.gif\" class=\"a-spacing-mini a-lazy-loaded\" data-src=\"https:\/\/m.media-amazon.com\/images\/S\/aplus-media-library-service-media\/bf77169d-e798-4ba3-8290-7c6e37d88849.__CR0,0,600,600_PT0_SX300_V1___.jpg\"><\/p>\n<p>                  <img decoding=\"async\" alt=\"Steam Frother &amp; Frothing Pitcher\" src=\"https:\/\/m.media-amazon.com\/images\/S\/aplus-media-library-service-media\/bf77169d-e798-4ba3-8290-7c6e37d88849.__CR0,0,600,600_PT0_SX300_V1___.jpg\">\n                  <\/p>\n<p> <img decoding=\"async\" alt=\"Removable Water Reservoir\" src=\"https:\/\/images-na.ssl-images-amazon.com\/images\/G\/01\/x-locale\/common\/grey-pixel.gif\" class=\"a-spacing-mini a-lazy-loaded\" data-src=\"https:\/\/m.media-amazon.com\/images\/S\/aplus-media-library-service-media\/7449ffae-ad52-4f29-a714-5305f1d4a301.__CR0,0,600,600_PT0_SX300_V1___.jpg\"><\/p>\n<p>                  <img decoding=\"async\" alt=\"Removable Water Reservoir\" src=\"https:\/\/m.media-amazon.com\/images\/S\/aplus-media-library-service-media\/7449ffae-ad52-4f29-a714-5305f1d4a301.__CR0,0,600,600_PT0_SX300_V1___.jpg\">\n                  <\/p>\n<p>                 WiFi Connected with Drink Customization Technology  <\/p>\n<p> Equip your kitchen with a smart espresso machine that syncs with the SmartHQ app, allowing users to customize drink preferences by volume and strength, while also enabling software updates. <\/p>\n<p>                 Steam Frother &amp; Frothing Pitcher  <\/p>\n<p> The built-in foam technology creates a variety of textures: airy for cappuccino, denser for latte macchiato and more. The wand rotates to the right at 90 degrees for control and convenience. Included with the machine, a durable stainless steel frothing pitcher has 15.8 ounces of capacity and liquid measurement engravings on the inside. <\/p>\n<p>                 Removable Water Reservoir  <\/p>\n<p> Stored in the body of the ergonomically designed espresso machine, the removable reservoir has a handle built into the lid and hinges. This allows 90-degree insertion that makes cleaning and filling easy if the machine is tucked beneath cabinets. <\/p>\n<p>                 Machine Type<br \/>\n                 Fully Automatic<br \/>\n                 Fully Automatic<br \/>\n                 Semi Automatic   <\/p>\n<p>                 Milk Frother   <\/p>\n<p>                 \u2713<br \/>\n                 \u2713   <\/p>\n<p>                 WiFi Connected<br \/>\n                 \u2713<br \/>\n                 \u2713<br \/>\n                 \u2713   <\/p>\n<p>                 Grind Settings<br \/>\n                 5<br \/>\n                 5<br \/>\n                 16   <\/p>\n<p>                 Pump Pressure<br \/>\n                 20 Bar<br \/>\n                 20 Bar<br \/>\n                 15 Bar   <\/p>\n<p>                 Bean Hopper Capacity<br \/>\n                 6.5 oz<br \/>\n                 6.5 oz<br \/>\n                 10 oz   <\/p>\n<p>                 Water Reservoir<br \/>\n                 1.2 Liter<br \/>\n                 1.2 Liter<br \/>\n                 2.8 Liter   <\/p>\n<p>                 Control Features<br \/>\n                 LED Panel with Cap touch keys, One touch keys for Espresso, Lungo, Americano, My Cup and Hot Water<br \/>\n                 LED Panel with Cap touch keys, One touch keys for Espresso, Lungo, Americano, My Cup and Hot Water<br \/>\n                 LED Panel with push button keys; One press keys for Single\/Double Espresso. Knob for Hot Water\/Steam and press and hold button   <\/p>\n<p>                 Auto Shutoff<br \/>\n                 \u2713<br \/>\n                 \u2713<br \/>\n                 \u2713   <\/p>\n<p>                 Finish Options<br \/>\n                 Matte White, Matte Black, Steel Silver<br \/>\n                 Matte White, Matte Black, Steel Silver<br \/>\n                 Matte White, Matte Black, Steel Silver   <\/p>\n<p>WIFI CONNECTED WITH DRINK CUSTOMIZATION TECHNOLOGY &#8211; Equip your kitchen with a smart espresso machine that syncs with the SmartHQ app, allowing users to customize drink preferences by volume and strength, while also enabling software updates<br \/>BALANCED EXTRACTION &#8211; Beans are pre-infused with low pressure to gently bloom optimal flavor profiles and gradually increased to 20 bars of high rated pump pressure to ensure even extraction for a balanced tasting cup<br \/>BUILT-IN CONICAL BURR GRINDER &#038; ADJUSTABLE GRIND SIZE &#8211; The stainless steel conical burr grinder delivers a consistent grind with any bean roast. Plus, you can control your grind size with 5 levels ranging from coarsest to finest for ideal taste and aroma extraction.<br \/>STEAM FROTHER &#038; FROTHING PITCHER &#8211; The built-in foam technology creates a variety of textures: airy for cappuccino, denser for latte macchiato and more. The wand rotates to the right at 90 degrees for control and convenience. Included with the machine, a durable stainless steel frothing pitcher has 15.8 ounces of capacity and liquid measurement engravings on the inside.<br \/>Too coarse a grind, too little coffee, or insufficiently tamping the grounds before brewing can all lead to inadequate pressure for a proper brew. It is important to note that the amount of espresso extracted will vary depending on the grind size and amount and reprogramming may be needed when the size and amount are adjusted<br \/>\n<br \/><\/p>\n","protected":false},"excerpt":{"rendered":"<p> From the manufacturer Expressions Collection Caf\u00e9&#8217;s line of small appliances come in several beautiful finish options, each featuring the signature copper accent. The Expressions Collection is a line of countertop appliances from Caf\u00e9 that beautifully match the design of your Caf\u00e9 kitchen and have the innovative features you want. Caf\u00e9 [&hellip;]<\/p>\n","protected":false},"featured_media":7763,"comment_status":"open","ping_status":"closed","template":"","meta":{"site-sidebar-layout":"default","site-content-layout":"","ast-site-content-layout":"default","site-content-style":"default","site-sidebar-style":"default","ast-global-header-display":"","ast-banner-title-visibility":"","ast-main-header-display":"","ast-hfb-above-header-display":"","ast-hfb-below-header-display":"","ast-hfb-mobile-header-display":"","site-post-title":"","ast-breadcrumbs-content":"","ast-featured-img":"","footer-sml-layout":"","ast-disable-related-posts":"","theme-transparent-header-meta":"","adv-header-id-meta":"","stick-header-meta":"","header-above-stick-meta":"","header-main-stick-meta":"","header-below-stick-meta":"","astra-migrate-meta-layouts":"default","ast-page-background-enabled":"default","ast-page-background-meta":{"desktop":{"background-color":"var(--ast-global-color-4)","background-image":"","background-repeat":"repeat","background-position":"center center","background-size":"auto","background-attachment":"scroll","background-type":"","background-media":"","overlay-type":"","overlay-color":"","overlay-opacity":"","overlay-gradient":""},"tablet":{"background-color":"","background-image":"","background-repeat":"repeat","background-position":"center center","background-size":"auto","background-attachment":"scroll","background-type":"","background-media":"","overlay-type":"","overlay-color":"","overlay-opacity":"","overlay-gradient":""},"mobile":{"background-color":"","background-image":"","background-repeat":"repeat","background-position":"center center","background-size":"auto","background-attachment":"scroll","background-type":"","background-media":"","overlay-type":"","overlay-color":"","overlay-opacity":"","overlay-gradient":""}},"ast-content-background-meta":{"desktop":{"background-color":"var(--ast-global-color-5)","background-image":"","background-repeat":"repeat","background-position":"center center","background-size":"auto","background-attachment":"scroll","background-type":"","background-media":"","overlay-type":"","overlay-color":"","overlay-opacity":"","overlay-gradient":""},"tablet":{"background-color":"var(--ast-global-color-5)","background-image":"","background-repeat":"repeat","background-position":"center center","background-size":"auto","background-attachment":"scroll","background-type":"","background-media":"","overlay-type":"","overlay-color":"","overlay-opacity":"","overlay-gradient":""},"mobile":{"background-color":"var(--ast-global-color-5)","background-image":"","background-repeat":"repeat","background-position":"center center","background-size":"auto","background-attachment":"scroll","background-type":"","background-media":"","overlay-type":"","overlay-color":"","overlay-opacity":"","overlay-gradient":""}}},"product_brand":[],"product_cat":[51],"product_tag":[149],"class_list":{"0":"post-7762","1":"product","2":"type-product","3":"status-publish","4":"has-post-thumbnail","6":"product_cat-app-controlled-coffee-makers","7":"product_tag-jura-e8-coffee-machine","8":"desktop-align-left","9":"tablet-align-left","10":"mobile-align-left","12":"first","13":"instock","14":"shipping-taxable","15":"product-type-external"},"_links":{"self":[{"href":"https:\/\/kechenessentials.com\/index.php\/wp-json\/wp\/v2\/product\/7762","targetHints":{"allow":["GET"]}}],"collection":[{"href":"https:\/\/kechenessentials.com\/index.php\/wp-json\/wp\/v2\/product"}],"about":[{"href":"https:\/\/kechenessentials.com\/index.php\/wp-json\/wp\/v2\/types\/product"}],"replies":[{"embeddable":true,"href":"https:\/\/kechenessentials.com\/index.php\/wp-json\/wp\/v2\/comments?post=7762"}],"wp:featuredmedia":[{"embeddable":true,"href":"https:\/\/kechenessentials.com\/index.php\/wp-json\/wp\/v2\/media\/7763"}],"wp:attachment":[{"href":"https:\/\/kechenessentials.com\/index.php\/wp-json\/wp\/v2\/media?parent=7762"}],"wp:term":[{"taxonomy":"product_brand","embeddable":true,"href":"https:\/\/kechenessentials.com\/index.php\/wp-json\/wp\/v2\/product_brand?post=7762"},{"taxonomy":"product_cat","embeddable":true,"href":"https:\/\/kechenessentials.com\/index.php\/wp-json\/wp\/v2\/product_cat?post=7762"},{"taxonomy":"product_tag","embeddable":true,"href":"https:\/\/kechenessentials.com\/index.php\/wp-json\/wp\/v2\/product_tag?post=7762"}],"curies":[{"name":"wp","href":"https:\/\/api.w.org\/{rel}","templated":true}]}}