{"id":7289,"date":"2023-10-23T21:33:06","date_gmt":"2023-10-23T21:33:06","guid":{"rendered":"https:\/\/kechenessentials.com\/index.php\/product\/cafe-bellissimo-semi-automatic-espresso-machine-milk-frother-wifi-connected-smart-kitchen-essentials-built-in-bean-grinder-15-bar-pump-95-ounce-water-reservoir-steel-silver\/"},"modified":"2023-10-23T21:33:06","modified_gmt":"2023-10-23T21:33:06","slug":"cafe-bellissimo-semi-automatic-espresso-machine-milk-frother-wifi-connected-smart-kitchen-essentials-built-in-bean-grinder-15-bar-pump-95-ounce-water-reservoir-steel-silver","status":"publish","type":"product","link":"https:\/\/kechenessentials.com\/index.php\/product\/cafe-bellissimo-semi-automatic-espresso-machine-milk-frother-wifi-connected-smart-kitchen-essentials-built-in-bean-grinder-15-bar-pump-95-ounce-water-reservoir-steel-silver\/","title":{"rendered":"Caf\u00e9 Bellissimo Semi Automatic Espresso Machine + Milk Frother | WiFi Connected, Smart Kitchen Essentials | Built-In Bean Grinder, 15-Bar Pump &#038; 95-Ounce Water Reservoir | Steel Silver"},"content":{"rendered":"<p>Price: <span style=\"color:#b12704\">$579.00<\/span><br \/><i><small>(as of Oct 23, 2023 21:33:06 UTC &#8211; <span class=\"wp_automatic_amazon_disclaimer\" title=\"Product prices and availability are accurate as of the date\/time indicated and are subject to change. Any price and availability information displayed on [relevant Amazon Site(s), as applicable] at the time of purchase will apply to the purchase of this product.\">Details<\/span>)<\/small><\/i><\/p>\n<p><a href=\"https:\/\/amazon.com\/dp\/B09TPZY2QZ?tag=kechenessenti-20\" target=\"_blank\" rel=\"noopener\"><img decoding=\"async\" src=\"https:\/\/valvepress.s3.amazonaws.com\/imgs\/buy_now.png\"><\/a><br \/>\n<\/p>\n<p>        From the manufacturer <\/p>\n<p>             <img decoding=\"async\" alt=\"Caf\u00e9 Bellissimo Semi Automatic Espresso Machine\" src=\"https:\/\/images-na.ssl-images-amazon.com\/images\/G\/01\/x-locale\/common\/grey-pixel.gif\" class=\"a-lazy-loaded\" data-src=\"https:\/\/m.media-amazon.com\/images\/S\/aplus-media-library-service-media\/d5cdaa84-23ad-44d5-a73e-c35f715d926f.__CR0,0,1940,600_PT0_SX970_V1___.jpg\"><\/p>\n<p>              <img decoding=\"async\" alt=\"Caf\u00e9 Bellissimo Semi Automatic Espresso Machine\" src=\"https:\/\/m.media-amazon.com\/images\/S\/aplus-media-library-service-media\/d5cdaa84-23ad-44d5-a73e-c35f715d926f.__CR0,0,1940,600_PT0_SX970_V1___.jpg\"><\/p>\n<p>              <img decoding=\"async\" alt=\"Caf\u00e9 Bellissimo Semi Automatic Espresso Machine\" src=\"https:\/\/images-na.ssl-images-amazon.com\/images\/G\/01\/x-locale\/common\/grey-pixel.gif\" class=\"a-spacing-mini a-lazy-loaded\" data-src=\"https:\/\/m.media-amazon.com\/images\/S\/aplus-media-library-service-media\/339e22a4-9c78-4289-8fdf-27ea57dc9d8a.__CR0,0,600,800_PT0_SX300_V1___.jpg\"><\/p>\n<p>               <img decoding=\"async\" alt=\"Caf\u00e9 Bellissimo Semi Automatic Espresso Machine\" src=\"https:\/\/m.media-amazon.com\/images\/S\/aplus-media-library-service-media\/339e22a4-9c78-4289-8fdf-27ea57dc9d8a.__CR0,0,600,800_PT0_SX300_V1___.jpg\"><\/p>\n<p> <\/p>\n<p>               <img decoding=\"async\" alt=\"Cafe - Distinct by Design\" src=\"https:\/\/images-na.ssl-images-amazon.com\/images\/G\/01\/x-locale\/common\/grey-pixel.gif\" class=\"a-spacing-mini a-lazy-loaded\" data-src=\"https:\/\/m.media-amazon.com\/images\/S\/aplus-media-library-service-media\/b6d064d0-1825-475d-82aa-b845d19c9dae.__CR120,0,360,180_PT0_SX350_V1___.jpg\"><\/p>\n<p>                <img decoding=\"async\" alt=\"Cafe - Distinct by Design\" src=\"https:\/\/m.media-amazon.com\/images\/S\/aplus-media-library-service-media\/b6d064d0-1825-475d-82aa-b845d19c9dae.__CR120,0,360,180_PT0_SX350_V1___.jpg\"><\/p>\n<p>                Expressions Collection  <\/p>\n<p class=\"a-spacing-small a-size-small a-color-secondary\"> Caf\u00e9&#8217;s line of small appliances come in several beautiful finish options, each featuring the signature copper accent. The Expressions Collection is a line of countertop appliances from Caf\u00e9 that beautifully match the design of your Caf\u00e9 kitchen and have the innovative features you want. <\/p>\n<h3 class=\"a-spacing-mini\"> Caf\u00e9 Bellissimo Semi Automatic Espresso Machine <\/h3>\n<p>               Steel Silver  <\/p>\n<p class=\"a-spacing-base\"> The award-winning Caf\u00e9 Bellissimo Semi-Automatic Espresso Machine is designed for espresso pros who want easy brewing while still having complete control over the shot. This smart espresso machine that syncs with the SmartHQ app, allowing you to customize drink preferences by volume and strength. Also includes a steel temper, brushed stainless frothing pitcher and single and double layered filters. <\/p>\n<p>                    Built-in steam wand that rotates in a 180- degree motion for control and convenience to get a variety of microfoam textures and thicknesses for lattes, flat whites, cappuccinos<br \/>\n                    Italian made, 15 bar pump that slowly increases its pump rated pressure to draw out flavors<br \/>\n                    Stainless steel conical burr grinder with 15 grind levels<br \/>\n                    Removable 95-ounce water reservoir<br \/>\n                    Included cleaning kit with a pin, descale solution, water hardness test strip and cleaning brush   <\/p>\n<p> <img decoding=\"async\" alt=\"WiFi Connected with Drink Customization Technology\" src=\"https:\/\/images-na.ssl-images-amazon.com\/images\/G\/01\/x-locale\/common\/grey-pixel.gif\" class=\"a-spacing-mini a-lazy-loaded\" data-src=\"https:\/\/m.media-amazon.com\/images\/S\/aplus-media-library-service-media\/0323fa5b-0ed5-4365-83c0-b2c98134a623.__CR0,0,600,600_PT0_SX300_V1___.jpg\"><\/p>\n<p>                   <img decoding=\"async\" alt=\"WiFi Connected with Drink Customization Technology\" src=\"https:\/\/m.media-amazon.com\/images\/S\/aplus-media-library-service-media\/0323fa5b-0ed5-4365-83c0-b2c98134a623.__CR0,0,600,600_PT0_SX300_V1___.jpg\">\n                   <\/p>\n<p> <img decoding=\"async\" alt=\"Italian Made, 15 Bar Pump\" src=\"https:\/\/images-na.ssl-images-amazon.com\/images\/G\/01\/x-locale\/common\/grey-pixel.gif\" class=\"a-spacing-mini a-lazy-loaded\" data-src=\"https:\/\/m.media-amazon.com\/images\/S\/aplus-media-library-service-media\/475d53bf-ad2c-4fb5-a6b6-eed75b93c04f.__CR0,0,600,600_PT0_SX300_V1___.jpg\"><\/p>\n<p>                   <img decoding=\"async\" alt=\"Italian Made, 15 Bar Pump\" src=\"https:\/\/m.media-amazon.com\/images\/S\/aplus-media-library-service-media\/475d53bf-ad2c-4fb5-a6b6-eed75b93c04f.__CR0,0,600,600_PT0_SX300_V1___.jpg\">\n                   <\/p>\n<p> <img decoding=\"async\" alt=\"Built-In Conical Burr Grinder &amp; Adjustable Grind Size\" src=\"https:\/\/images-na.ssl-images-amazon.com\/images\/G\/01\/x-locale\/common\/grey-pixel.gif\" class=\"a-spacing-mini a-lazy-loaded\" data-src=\"https:\/\/m.media-amazon.com\/images\/S\/aplus-media-library-service-media\/3312c30c-aadc-4338-acff-cb22e02854e9.__CR0,0,600,600_PT0_SX300_V1___.jpg\"><\/p>\n<p>                   <img decoding=\"async\" alt=\"Built-In Conical Burr Grinder &amp; Adjustable Grind Size\" src=\"https:\/\/m.media-amazon.com\/images\/S\/aplus-media-library-service-media\/3312c30c-aadc-4338-acff-cb22e02854e9.__CR0,0,600,600_PT0_SX300_V1___.jpg\">\n                   <\/p>\n<p>                  WiFi Connected with Drink Customization Technology  <\/p>\n<p> Equip your kitchen with a smart espresso machine that syncs with the SmartHQ app, allowing users to customize drink preferences by volume and strength, while also enabling software updates. <\/p>\n<p>                  Italian Made, 15 Bar Pump  <\/p>\n<p> This bar pump slowly increases pump rated pressure to draw out maximum flavor, giving you a beautifully balanced cup of espresso. <\/p>\n<p>                  Built-In Conical Burr Grinder &amp; Adjustable Grind Size  <\/p>\n<p> Get the perfect taste with any bean roast thanks to a conical burr grinder that delivers an exact amount of fresh coffee grounds directly into the portafilter. Plus, control your grind size with 15 levels ranging from coarsest to finest. <\/p>\n<p> <img decoding=\"async\" alt=\"Extra Large Water Reservoir\" src=\"https:\/\/images-na.ssl-images-amazon.com\/images\/G\/01\/x-locale\/common\/grey-pixel.gif\" class=\"a-spacing-mini a-lazy-loaded\" data-src=\"https:\/\/m.media-amazon.com\/images\/S\/aplus-media-library-service-media\/4bbf58c5-5e89-44e6-8bca-520f58938520.__CR0,0,600,600_PT0_SX300_V1___.jpg\"><\/p>\n<p>                   <img decoding=\"async\" alt=\"Extra Large Water Reservoir\" src=\"https:\/\/m.media-amazon.com\/images\/S\/aplus-media-library-service-media\/4bbf58c5-5e89-44e6-8bca-520f58938520.__CR0,0,600,600_PT0_SX300_V1___.jpg\">\n                   <\/p>\n<p> <img decoding=\"async\" alt=\"Steam Frother\" src=\"https:\/\/images-na.ssl-images-amazon.com\/images\/G\/01\/x-locale\/common\/grey-pixel.gif\" class=\"a-spacing-mini a-lazy-loaded\" data-src=\"https:\/\/m.media-amazon.com\/images\/S\/aplus-media-library-service-media\/4f5f4865-c80f-4036-9d54-934e8ac2a318.__CR0,0,600,600_PT0_SX300_V1___.jpg\"><\/p>\n<p>                   <img decoding=\"async\" alt=\"Steam Frother\" src=\"https:\/\/m.media-amazon.com\/images\/S\/aplus-media-library-service-media\/4f5f4865-c80f-4036-9d54-934e8ac2a318.__CR0,0,600,600_PT0_SX300_V1___.jpg\">\n                   <\/p>\n<p> <img decoding=\"async\" alt=\"Hands-Free Grinding Cradle &amp; Precise Dose\" src=\"https:\/\/images-na.ssl-images-amazon.com\/images\/G\/01\/x-locale\/common\/grey-pixel.gif\" class=\"a-spacing-mini a-lazy-loaded\" data-src=\"https:\/\/m.media-amazon.com\/images\/S\/aplus-media-library-service-media\/07a58cec-1072-44c0-9752-b9672ac62d4d.__CR0,0,600,600_PT0_SX300_V1___.jpg\"><\/p>\n<p>                   <img decoding=\"async\" alt=\"Hands-Free Grinding Cradle &amp; Precise Dose\" src=\"https:\/\/m.media-amazon.com\/images\/S\/aplus-media-library-service-media\/07a58cec-1072-44c0-9752-b9672ac62d4d.__CR0,0,600,600_PT0_SX300_V1___.jpg\">\n                   <\/p>\n<p>                  Extra Large Water Reservoir  <\/p>\n<p> Enjoy more drinks with fewer refills thanks to a 95-ounce water reservoir. Easily remove it using the built-in handle to refill and clean it with ease. <\/p>\n<p>                  Steam Frother  <\/p>\n<p> Get a variety of microfoam textures and thicknesses for lattes, flat whites, cappuccinos and more with a built-in steam wand that rotates in a 180- degree motion for control and convenience. <\/p>\n<p>                  Hands-Free Grinding Cradle &amp; Precise Dose  <\/p>\n<p> A 58mm portafilter with 19-21 grams of capacity delivers caf\u00e9 quality, full-flavor espresso (13-15 grams for single; 18-20 grams for double). You can even customize your dosage through the SmartHQ app. <\/p>\n<p>                  Machine Type<br \/>\n                  Fully Automatic<br \/>\n                  Fully Automatic<br \/>\n                  Semi Automatic   <\/p>\n<p>                  Milk Frother   <\/p>\n<p>                  \u2713<br \/>\n                  \u2713   <\/p>\n<p>                  WiFi Connected<br \/>\n                  \u2713<br \/>\n                  \u2713<br \/>\n                  \u2713   <\/p>\n<p>                  Grind Settings<br \/>\n                  5<br \/>\n                  5<br \/>\n                  16   <\/p>\n<p>                  Pump Pressure<br \/>\n                  20 Bar<br \/>\n                  20 Bar<br \/>\n                  15 Bar   <\/p>\n<p>                  Bean Hopper Capacity<br \/>\n                  6.5 oz<br \/>\n                  6.5 oz<br \/>\n                  10 oz   <\/p>\n<p>                  Water Reservoir<br \/>\n                  1.2 Liter<br \/>\n                  1.2 Liter<br \/>\n                  2.8 Liter   <\/p>\n<p>                  Control Features<br \/>\n                  LED Panel with Cap touch keys, One touch keys for Espresso, Lungo, Americano, My Cup and Hot Water<br \/>\n                  LED Panel with Cap touch keys, One touch keys for Espresso, Lungo, Americano, My Cup and Hot Water<br \/>\n                  LED Panel with push button keys; One press keys for Single\/Double Espresso. Knob for Hot Water\/Steam and press and hold button   <\/p>\n<p>                  Auto Shutoff<br \/>\n                  \u2713<br \/>\n                  \u2713<br \/>\n                  \u2713   <\/p>\n<p>                  Finish Options<br \/>\n                  Matte White, Matte Black, Steel Silver<br \/>\n                  Matte White, Matte Black, Steel Silver<br \/>\n                  Matte White, Matte Black, Steel Silver   <\/p>\n<p>ITALIAN MADE, 15 BAR PUMP &#8211; This bar pump slowly increases pump rated pressure to draw out maximum flavor, giving you a beautifully balanced cup of espresso.<br \/>EXTRA LARGE WATER RESERVOIR &#8211; Enjoy more drinks with fewer refills thanks to a 95-ounce water reservoir. Easily remove it using the built-in handle to refill and clean it with ease.<br \/>STEAM FROTHER &#8211; Get a variety of microfoam textures and thicknesses for lattes, flat whites, cappuccinos and more with a built-in steam wand that rotates in a 180- degree motion for control and convenience.<br \/>BUILT-IN CONICAL BURR GRINDER &#038; ADJUSTABLE GRIND SIZE &#8211; Get the perfect taste with any bean roast thanks to a conical burr grinder that delivers an exact amount of fresh coffee grounds directly into the portafilter. Plus, control your grind size with 15 levels ranging from coarsest to finest.<br \/>Too coarse a grind, too little coffee, or insufficiently tamping the grounds before brewing can all lead to inadequate pressure for a proper brew. It is important to note that the amount of espresso extracted will vary depending on the grind size and amount and reprogramming may be needed when the size and amount are adjusted<br \/>\n<br \/><\/p>\n","protected":false},"excerpt":{"rendered":"<p> From the manufacturer Expressions Collection Caf\u00e9&#8217;s line of small appliances come in several beautiful finish options, each featuring the signature copper accent. The Expressions Collection is a line of countertop appliances from Caf\u00e9 that beautifully match the design of your Caf\u00e9 kitchen and have the innovative features you want. Caf\u00e9 [&hellip;]<\/p>\n","protected":false},"featured_media":7290,"comment_status":"open","ping_status":"closed","template":"","meta":{"site-sidebar-layout":"default","site-content-layout":"","ast-site-content-layout":"default","site-content-style":"default","site-sidebar-style":"default","ast-global-header-display":"","ast-banner-title-visibility":"","ast-main-header-display":"","ast-hfb-above-header-display":"","ast-hfb-below-header-display":"","ast-hfb-mobile-header-display":"","site-post-title":"","ast-breadcrumbs-content":"","ast-featured-img":"","footer-sml-layout":"","ast-disable-related-posts":"","theme-transparent-header-meta":"","adv-header-id-meta":"","stick-header-meta":"","header-above-stick-meta":"","header-main-stick-meta":"","header-below-stick-meta":"","astra-migrate-meta-layouts":"default","ast-page-background-enabled":"default","ast-page-background-meta":{"desktop":{"background-color":"var(--ast-global-color-4)","background-image":"","background-repeat":"repeat","background-position":"center center","background-size":"auto","background-attachment":"scroll","background-type":"","background-media":"","overlay-type":"","overlay-color":"","overlay-opacity":"","overlay-gradient":""},"tablet":{"background-color":"","background-image":"","background-repeat":"repeat","background-position":"center center","background-size":"auto","background-attachment":"scroll","background-type":"","background-media":"","overlay-type":"","overlay-color":"","overlay-opacity":"","overlay-gradient":""},"mobile":{"background-color":"","background-image":"","background-repeat":"repeat","background-position":"center center","background-size":"auto","background-attachment":"scroll","background-type":"","background-media":"","overlay-type":"","overlay-color":"","overlay-opacity":"","overlay-gradient":""}},"ast-content-background-meta":{"desktop":{"background-color":"var(--ast-global-color-5)","background-image":"","background-repeat":"repeat","background-position":"center center","background-size":"auto","background-attachment":"scroll","background-type":"","background-media":"","overlay-type":"","overlay-color":"","overlay-opacity":"","overlay-gradient":""},"tablet":{"background-color":"var(--ast-global-color-5)","background-image":"","background-repeat":"repeat","background-position":"center center","background-size":"auto","background-attachment":"scroll","background-type":"","background-media":"","overlay-type":"","overlay-color":"","overlay-opacity":"","overlay-gradient":""},"mobile":{"background-color":"var(--ast-global-color-5)","background-image":"","background-repeat":"repeat","background-position":"center center","background-size":"auto","background-attachment":"scroll","background-type":"","background-media":"","overlay-type":"","overlay-color":"","overlay-opacity":"","overlay-gradient":""}}},"product_brand":[],"product_cat":[51],"product_tag":[147],"class_list":{"0":"post-7289","1":"product","2":"type-product","3":"status-publish","4":"has-post-thumbnail","6":"product_cat-app-controlled-coffee-makers","7":"product_tag-breville-bes878bss-barista-pro-espresso-machine","8":"desktop-align-left","9":"tablet-align-left","10":"mobile-align-left","12":"first","13":"instock","14":"shipping-taxable","15":"product-type-external"},"_links":{"self":[{"href":"https:\/\/kechenessentials.com\/index.php\/wp-json\/wp\/v2\/product\/7289","targetHints":{"allow":["GET"]}}],"collection":[{"href":"https:\/\/kechenessentials.com\/index.php\/wp-json\/wp\/v2\/product"}],"about":[{"href":"https:\/\/kechenessentials.com\/index.php\/wp-json\/wp\/v2\/types\/product"}],"replies":[{"embeddable":true,"href":"https:\/\/kechenessentials.com\/index.php\/wp-json\/wp\/v2\/comments?post=7289"}],"wp:featuredmedia":[{"embeddable":true,"href":"https:\/\/kechenessentials.com\/index.php\/wp-json\/wp\/v2\/media\/7290"}],"wp:attachment":[{"href":"https:\/\/kechenessentials.com\/index.php\/wp-json\/wp\/v2\/media?parent=7289"}],"wp:term":[{"taxonomy":"product_brand","embeddable":true,"href":"https:\/\/kechenessentials.com\/index.php\/wp-json\/wp\/v2\/product_brand?post=7289"},{"taxonomy":"product_cat","embeddable":true,"href":"https:\/\/kechenessentials.com\/index.php\/wp-json\/wp\/v2\/product_cat?post=7289"},{"taxonomy":"product_tag","embeddable":true,"href":"https:\/\/kechenessentials.com\/index.php\/wp-json\/wp\/v2\/product_tag?post=7289"}],"curies":[{"name":"wp","href":"https:\/\/api.w.org\/{rel}","templated":true}]}}