{"id":6196,"date":"2023-10-23T21:22:05","date_gmt":"2023-10-23T21:22:05","guid":{"rendered":"https:\/\/kechenessentials.com\/index.php\/product\/hamilton-beach-flexbrew-trio-2-way-coffee-maker-compatible-with-k-cup-pods-or-grounds-combo-single-serve-espresso-machine-with-19-bar-pump-56-oz-removable-reservoir-black\/"},"modified":"2023-10-23T21:22:05","modified_gmt":"2023-10-23T21:22:05","slug":"hamilton-beach-flexbrew-trio-2-way-coffee-maker-compatible-with-k-cup-pods-or-grounds-combo-single-serve-espresso-machine-with-19-bar-pump-56-oz-removable-reservoir-black","status":"publish","type":"product","link":"https:\/\/kechenessentials.com\/index.php\/product\/hamilton-beach-flexbrew-trio-2-way-coffee-maker-compatible-with-k-cup-pods-or-grounds-combo-single-serve-espresso-machine-with-19-bar-pump-56-oz-removable-reservoir-black\/","title":{"rendered":"Hamilton Beach FlexBrew Trio 2-Way Coffee Maker, Compatible with K-Cup Pods or Grounds, Combo, Single Serve &#038; Espresso Machine with 19 Bar Pump, 56 oz. Removable Reservoir, Black"},"content":{"rendered":"<p>Price: <span style=\"color:#b12704\"><del>$234.85<\/del> - $120.00<\/span><br \/><i><small>(as of Oct 23, 2023 21:22:05 UTC &#8211; <span class=\"wp_automatic_amazon_disclaimer\" title=\"Product prices and availability are accurate as of the date\/time indicated and are subject to change. Any price and availability information displayed on [relevant Amazon Site(s), as applicable] at the time of purchase will apply to the purchase of this product.\">Details<\/span>)<\/small><\/i><\/p>\n<p><a href=\"https:\/\/amazon.com\/dp\/B08QN8YD1X?tag=kechenessenti-20\" target=\"_blank\" rel=\"noopener\"><img decoding=\"async\" src=\"https:\/\/valvepress.s3.amazonaws.com\/imgs\/buy_now.png\"><\/a><br \/>\n<\/p>\n<p>        From the manufacturer <\/p>\n<p>             <img decoding=\"async\" alt=\"coffee\" src=\"https:\/\/images-na.ssl-images-amazon.com\/images\/G\/01\/x-locale\/common\/grey-pixel.gif\" class=\"a-lazy-loaded\" data-src=\"https:\/\/m.media-amazon.com\/images\/S\/aplus-media\/vc\/32a60cd7-2e92-4ca4-a0be-06e9f34d0a66.__CR49,0,1345,416_PT0_SX970_V1___.jpg\"><\/p>\n<p>              <img decoding=\"async\" alt=\"coffee\" src=\"https:\/\/m.media-amazon.com\/images\/S\/aplus-media\/vc\/32a60cd7-2e92-4ca4-a0be-06e9f34d0a66.__CR49,0,1345,416_PT0_SX970_V1___.jpg\"><\/p>\n<h3> Satisfy different brewing tastes without cluttering up your kitchen. <\/h3>\n<p> She starts the day with a shot of espresso and ends it by brewing a tall mug with a decaf pod. He prefers freshly ground Fair Trade coffee and won\u2019t drink anything else. <\/p>\n<p>              <img decoding=\"async\" alt=\"Hamilton Beach Coffee Maker\" src=\"https:\/\/images-na.ssl-images-amazon.com\/images\/G\/01\/x-locale\/common\/grey-pixel.gif\" class=\"a-spacing-mini a-lazy-loaded\" data-src=\"https:\/\/m.media-amazon.com\/images\/S\/aplus-media\/vc\/b87fa665-7b03-4ee5-bda9-00416b1d4814.__CR188,0,1125,1500_PT0_SX300_V1___.jpg\"><\/p>\n<p>               <img decoding=\"async\" alt=\"Hamilton Beach Coffee Maker\" src=\"https:\/\/m.media-amazon.com\/images\/S\/aplus-media\/vc\/b87fa665-7b03-4ee5-bda9-00416b1d4814.__CR188,0,1125,1500_PT0_SX300_V1___.jpg\"><\/p>\n<p> <\/p>\n<p>               <img decoding=\"async\" alt=\"Hamilton Beach\" src=\"https:\/\/images-na.ssl-images-amazon.com\/images\/G\/01\/x-locale\/common\/grey-pixel.gif\" class=\"a-spacing-mini a-lazy-loaded\" data-src=\"https:\/\/m.media-amazon.com\/images\/S\/aplus-media-library-service-media\/4ef76d01-6290-4dd7-93d6-97fe9f161c63.__CR0,375,1500,750_PT0_SX350_V1___.jpg\"><\/p>\n<p>                <img decoding=\"async\" alt=\"Hamilton Beach\" src=\"https:\/\/m.media-amazon.com\/images\/S\/aplus-media-library-service-media\/4ef76d01-6290-4dd7-93d6-97fe9f161c63.__CR0,375,1500,750_PT0_SX350_V1___.jpg\"><\/p>\n<p class=\"a-spacing-small a-size-small a-color-secondary\"> Hamilton Beach products are thoughtfully designed to make your life easier. We use consumer insights, in-depth research to deliver the best solution to your everyday needs. <\/p>\n<p class=\"a-spacing-small a-size-small a-color-secondary\"> Whether it&#8217;s preparing delicious meals and beverages effortlessly, or making your clothes look their best, you can count on the brand that has spent over 100 years creating products with you in mind. <\/p>\n<h3 class=\"a-spacing-mini\"> Hamilton Beach FlexBrew Universal Coffee Maker with 19 Bar Espresso Pump <\/h3>\n<p>               3-in-1 brewing  <\/p>\n<p class=\"a-spacing-base\"> The Hamilton Beach FlexBrew Universal Coffee Maker&#8217;s 3-in-1 brewing capability lets you brew a cup in about a minute with a name brand capsule, pod or ground coffee. With its 56 oz. water reservoir, you can brew multiple cups without refilling. The FlexBrew Universal Coffee Maker gives you the option to brew 1.35, 2.7 or 5 oz. of espresso or 8, 10 or 14 oz. of coffee with a pod or ground coffee. The powerful 19-bar pressure espresso pump provides fast brewing and creates a rich espresso crema. <\/p>\n<p>                    Quickly brews a cup in about 1 minute<br \/>\n                    Brew multiple cups without refilling the 56 oz. water reservoir<br \/>\n                    Powerful 19-bar pressure espresso pump<br \/>\n                    Customize your coffee&#8217;s boldness<br \/>\n                    Capsule collection bin, pod holder and ground coffee brew basket   <\/p>\n<h3 class=\"a-spacing-small\"> Features: <\/h3>\n<p> <img decoding=\"async\" alt=\"coffee brewer\" src=\"https:\/\/images-na.ssl-images-amazon.com\/images\/G\/01\/x-locale\/common\/grey-pixel.gif\" class=\"a-spacing-mini a-lazy-loaded\" data-src=\"https:\/\/m.media-amazon.com\/images\/S\/aplus-media\/vc\/16e75d3c-96a4-4c0c-92cc-b4536a0ba91a.__CR0,0,1500,1500_PT0_SX300_V1___.jpg\"><\/p>\n<p>                   <img decoding=\"async\" alt=\"coffee brewer\" src=\"https:\/\/m.media-amazon.com\/images\/S\/aplus-media\/vc\/16e75d3c-96a4-4c0c-92cc-b4536a0ba91a.__CR0,0,1500,1500_PT0_SX300_V1___.jpg\">\n                   <\/p>\n<p> <img decoding=\"async\" alt=\"coffee machine\" src=\"https:\/\/images-na.ssl-images-amazon.com\/images\/G\/01\/x-locale\/common\/grey-pixel.gif\" class=\"a-spacing-mini a-lazy-loaded\" data-src=\"https:\/\/m.media-amazon.com\/images\/S\/aplus-media\/vc\/511d0e1f-8bd0-4b72-abdf-8a6079f6b788.__CR0,0,1500,1500_PT0_SX300_V1___.jpg\"><\/p>\n<p>                   <img decoding=\"async\" alt=\"coffee machine\" src=\"https:\/\/m.media-amazon.com\/images\/S\/aplus-media\/vc\/511d0e1f-8bd0-4b72-abdf-8a6079f6b788.__CR0,0,1500,1500_PT0_SX300_V1___.jpg\">\n                   <\/p>\n<p> <img decoding=\"async\" alt=\"coffee maker machine\" src=\"https:\/\/images-na.ssl-images-amazon.com\/images\/G\/01\/x-locale\/common\/grey-pixel.gif\" class=\"a-spacing-mini a-lazy-loaded\" data-src=\"https:\/\/m.media-amazon.com\/images\/S\/aplus-media\/vc\/5534f71c-0377-45f7-9160-8c44c025b275.__CR0,0,1500,1500_PT0_SX300_V1___.jpg\"><\/p>\n<p>                   <img decoding=\"async\" alt=\"coffee maker machine\" src=\"https:\/\/m.media-amazon.com\/images\/S\/aplus-media\/vc\/5534f71c-0377-45f7-9160-8c44c025b275.__CR0,0,1500,1500_PT0_SX300_V1___.jpg\">\n                   <\/p>\n<p>                  3-in-1 Brewing  <\/p>\n<p> Satisfy the tastes of all the coffee drinkers in your household with one machine. The Hamilton Beach FlexBrew Universal Coffee Maker lets you brew a cup with a Nespresso* capsule, K-Cup* pod or ground coffee. <\/p>\n<p>                  Quickly Brews a Cup in About 1 Minute  <\/p>\n<p> In the morning, every minute counts. The Hamilton Beach FlexBrew Universal Coffee Maker prepares a 2.7 oz. cup of espresso or an 8 oz. cup of coffee in about 1 minute so you have more time to enjoy your coffee. <\/p>\n<p>                  Brew Multiple Cups without Refilling the 56 oz. Water Reservoir  <\/p>\n<p> You&#8217;ll enjoy the convenience of brewing cup after cup without stopping to pour water into the coffee maker. The extra-large 56 oz. removable water reservoir saves you time because it needs fewer refills. <\/p>\n<p> <img decoding=\"async\" alt=\"coffee makers\" src=\"https:\/\/images-na.ssl-images-amazon.com\/images\/G\/01\/x-locale\/common\/grey-pixel.gif\" class=\"a-spacing-mini a-lazy-loaded\" data-src=\"https:\/\/m.media-amazon.com\/images\/S\/aplus-media\/vc\/118f20db-2510-45d1-9c68-58a5a40d511f.__CR0,0,1500,1500_PT0_SX300_V1___.jpg\"><\/p>\n<p>                   <img decoding=\"async\" alt=\"coffee makers\" src=\"https:\/\/m.media-amazon.com\/images\/S\/aplus-media\/vc\/118f20db-2510-45d1-9c68-58a5a40d511f.__CR0,0,1500,1500_PT0_SX300_V1___.jpg\">\n                   <\/p>\n<p> <img decoding=\"async\" alt=\"Hamilton Beach Coffee Machine\" src=\"https:\/\/images-na.ssl-images-amazon.com\/images\/G\/01\/x-locale\/common\/grey-pixel.gif\" class=\"a-spacing-mini a-lazy-loaded\" data-src=\"https:\/\/m.media-amazon.com\/images\/S\/aplus-media\/vc\/dbaa4c91-6502-4a41-b506-4bffa78942e3.__CR0,0,1500,1500_PT0_SX300_V1___.jpg\"><\/p>\n<p>                   <img decoding=\"async\" alt=\"Hamilton Beach Coffee Machine\" src=\"https:\/\/m.media-amazon.com\/images\/S\/aplus-media\/vc\/dbaa4c91-6502-4a41-b506-4bffa78942e3.__CR0,0,1500,1500_PT0_SX300_V1___.jpg\">\n                   <\/p>\n<p> <img decoding=\"async\" alt=\"coffeemakers\" src=\"https:\/\/images-na.ssl-images-amazon.com\/images\/G\/01\/x-locale\/common\/grey-pixel.gif\" class=\"a-spacing-mini a-lazy-loaded\" data-src=\"https:\/\/m.media-amazon.com\/images\/S\/aplus-media\/vc\/77802f07-7f3b-45f3-aaed-018178320590.__CR0,0,1500,1500_PT0_SX300_V1___.jpg\"><\/p>\n<p>                   <img decoding=\"async\" alt=\"coffeemakers\" src=\"https:\/\/m.media-amazon.com\/images\/S\/aplus-media\/vc\/77802f07-7f3b-45f3-aaed-018178320590.__CR0,0,1500,1500_PT0_SX300_V1___.jpg\">\n                   <\/p>\n<p>                  Brew Different Amounts of Coffee  <\/p>\n<p> Brew different amounts of coffee into different-size cups. Using an espresso capsule lets you brew your choice of 1.35, 2.7 or 5 oz. of espresso and brewing with a coffee pod or ground coffee gives you the option to brew 8, 10 or 14 oz. of coffee. <\/p>\n<p>                  Powerful 19-Bar Pressure Espresso Pump  <\/p>\n<p> The 19-bar pump provides fast brewing performance and creates a rich espresso crema. <\/p>\n<p>                  Customize Your Coffee&#8217;s Boldness  <\/p>\n<p> Increase the strength of your coffee when you brew with pods or ground coffee. Simply press the &#8220;bold&#8221; button for bolder coffee anytime. <\/p>\n<p>                  Single Serve<br \/>\n                  \u2713<br \/>\n                  \u2713<br \/>\n                  \u2713<br \/>\n                  \u2713   <\/p>\n<p>                  Full 12 Cup Carafe   <\/p>\n<p>                  \u2713   <\/p>\n<p>                  Espresso Maker   <\/p>\n<p>                  \u2713   <\/p>\n<p>                  Compatible with Grounds &amp; Pods<br \/>\n                  \u2713<br \/>\n                  \u2713<br \/>\n                  \u2713<br \/>\n                  \u2713   <\/p>\n<p>                  Removable Reservoir   <\/p>\n<p>                  \u2713<br \/>\n                  \u2713<br \/>\n                  \u2713   <\/p>\n<p>QUICKLY BREWS A CUP IN ABOUT 1 MINUTE. In the morning, every minute counts. The Hamilton Beach FlexBrew Universal Coffee Maker prepares a 2.7 oz.cup of espresso or an 8 oz. cup of coffee in about 1 minute so you have more time to enjoy your coffee.<br \/>BREW MULTIPLE CUPS WITHOUT REFILLING: You&#8217;ll enjoy the convenience of brewing cup after cup without stopping to pour water into the coffee maker. The extra-large 56 oz. removable water reservoir saves you time because it needs fewer refills.<br \/>BREW DIFFERENT AMOUNTS OF COFFEE. Brew different amounts of coffee into different-size cups. Using an espresso capsule lets you brew your choice of 1.35, 2.7 or 5 oz. of espresso and brewing with a coffee pod or ground coffee gives you the option to brew 8, 10 or 14 oz. of coffee.<br \/>POWERFUL 19-BAR PRESSURE ESPRESSO PUMP. The 19-bar pump provides fast, reliable brewing performance and creates a rich espresso crema.<br \/>* Nespresso and K-Cup are, respectively, registered trademarks of Soci\u00e9t\u00e9 des Produits Nestl\u00e9 S.A. and Keurig Green Mountain Coffee, Inc. and use of the trademarks does not imply affiliation with or endorsement by Nestle or Keurig.<br \/>\n<br \/><\/p>\n","protected":false},"excerpt":{"rendered":"<p> From the manufacturer Satisfy different brewing tastes without cluttering up your kitchen. She starts the day with a shot of espresso and ends it by brewing a tall mug with a decaf pod. He prefers freshly ground Fair Trade coffee and won\u2019t drink anything else. Hamilton Beach products are thoughtfully [&hellip;]<\/p>\n","protected":false},"featured_media":6197,"comment_status":"open","ping_status":"closed","template":"","meta":{"site-sidebar-layout":"default","site-content-layout":"","ast-site-content-layout":"default","site-content-style":"default","site-sidebar-style":"default","ast-global-header-display":"","ast-banner-title-visibility":"","ast-main-header-display":"","ast-hfb-above-header-display":"","ast-hfb-below-header-display":"","ast-hfb-mobile-header-display":"","site-post-title":"","ast-breadcrumbs-content":"","ast-featured-img":"","footer-sml-layout":"","ast-disable-related-posts":"","theme-transparent-header-meta":"","adv-header-id-meta":"","stick-header-meta":"","header-above-stick-meta":"","header-main-stick-meta":"","header-below-stick-meta":"","astra-migrate-meta-layouts":"default","ast-page-background-enabled":"default","ast-page-background-meta":{"desktop":{"background-color":"var(--ast-global-color-4)","background-image":"","background-repeat":"repeat","background-position":"center center","background-size":"auto","background-attachment":"scroll","background-type":"","background-media":"","overlay-type":"","overlay-color":"","overlay-opacity":"","overlay-gradient":""},"tablet":{"background-color":"","background-image":"","background-repeat":"repeat","background-position":"center center","background-size":"auto","background-attachment":"scroll","background-type":"","background-media":"","overlay-type":"","overlay-color":"","overlay-opacity":"","overlay-gradient":""},"mobile":{"background-color":"","background-image":"","background-repeat":"repeat","background-position":"center center","background-size":"auto","background-attachment":"scroll","background-type":"","background-media":"","overlay-type":"","overlay-color":"","overlay-opacity":"","overlay-gradient":""}},"ast-content-background-meta":{"desktop":{"background-color":"var(--ast-global-color-5)","background-image":"","background-repeat":"repeat","background-position":"center center","background-size":"auto","background-attachment":"scroll","background-type":"","background-media":"","overlay-type":"","overlay-color":"","overlay-opacity":"","overlay-gradient":""},"tablet":{"background-color":"var(--ast-global-color-5)","background-image":"","background-repeat":"repeat","background-position":"center center","background-size":"auto","background-attachment":"scroll","background-type":"","background-media":"","overlay-type":"","overlay-color":"","overlay-opacity":"","overlay-gradient":""},"mobile":{"background-color":"var(--ast-global-color-5)","background-image":"","background-repeat":"repeat","background-position":"center center","background-size":"auto","background-attachment":"scroll","background-type":"","background-media":"","overlay-type":"","overlay-color":"","overlay-opacity":"","overlay-gradient":""}}},"product_brand":[],"product_cat":[51],"product_tag":[148],"class_list":{"0":"post-6196","1":"product","2":"type-product","3":"status-publish","4":"has-post-thumbnail","6":"product_cat-app-controlled-coffee-makers","7":"product_tag-hamilton-beach-flexbrew-coffee-maker-amazon","8":"desktop-align-left","9":"tablet-align-left","10":"mobile-align-left","12":"first","13":"instock","14":"sale","15":"shipping-taxable","16":"product-type-external"},"_links":{"self":[{"href":"https:\/\/kechenessentials.com\/index.php\/wp-json\/wp\/v2\/product\/6196","targetHints":{"allow":["GET"]}}],"collection":[{"href":"https:\/\/kechenessentials.com\/index.php\/wp-json\/wp\/v2\/product"}],"about":[{"href":"https:\/\/kechenessentials.com\/index.php\/wp-json\/wp\/v2\/types\/product"}],"replies":[{"embeddable":true,"href":"https:\/\/kechenessentials.com\/index.php\/wp-json\/wp\/v2\/comments?post=6196"}],"wp:featuredmedia":[{"embeddable":true,"href":"https:\/\/kechenessentials.com\/index.php\/wp-json\/wp\/v2\/media\/6197"}],"wp:attachment":[{"href":"https:\/\/kechenessentials.com\/index.php\/wp-json\/wp\/v2\/media?parent=6196"}],"wp:term":[{"taxonomy":"product_brand","embeddable":true,"href":"https:\/\/kechenessentials.com\/index.php\/wp-json\/wp\/v2\/product_brand?post=6196"},{"taxonomy":"product_cat","embeddable":true,"href":"https:\/\/kechenessentials.com\/index.php\/wp-json\/wp\/v2\/product_cat?post=6196"},{"taxonomy":"product_tag","embeddable":true,"href":"https:\/\/kechenessentials.com\/index.php\/wp-json\/wp\/v2\/product_tag?post=6196"}],"curies":[{"name":"wp","href":"https:\/\/api.w.org\/{rel}","templated":true}]}}