{"id":33299,"date":"2023-10-26T22:51:33","date_gmt":"2023-10-26T22:51:33","guid":{"rendered":"https:\/\/kechenessentials.com\/index.php\/product\/arora-skugga-round-stoneware-16pc-double-bowl-dinnerware-set-for-4-dinner-and-side-plates-cereal-and-pasta-bowls-matte-white-466077\/"},"modified":"2023-10-26T22:51:33","modified_gmt":"2023-10-26T22:51:33","slug":"arora-skugga-round-stoneware-16pc-double-bowl-dinnerware-set-for-4-dinner-and-side-plates-cereal-and-pasta-bowls-matte-white-466077","status":"publish","type":"product","link":"https:\/\/kechenessentials.com\/index.php\/product\/arora-skugga-round-stoneware-16pc-double-bowl-dinnerware-set-for-4-dinner-and-side-plates-cereal-and-pasta-bowls-matte-white-466077\/","title":{"rendered":"ARORA SKUGGA Round Stoneware 16pc Double Bowl Dinnerware Set for 4, Dinner and Side Plates, Cereal and Pasta Bowls &#8211; Matte White (466077)"},"content":{"rendered":"<p>Price: <span style=\"color:#b12704\"><del>$76.99<\/del> - $68.00<\/span><br \/><i><small>(as of Oct 26, 2023 22:51:33 UTC &#8211; <span class=\"wp_automatic_amazon_disclaimer\" title=\"Product prices and availability are accurate as of the date\/time indicated and are subject to change. Any price and availability information displayed on [relevant Amazon Site(s), as applicable] at the time of purchase will apply to the purchase of this product.\">Details<\/span>)<\/small><\/i><\/p>\n<p><a href=\"https:\/\/amazon.com\/dp\/B0BB74JCCS?tag=kechenessenti-20\" target=\"_blank\" rel=\"noopener\"><img decoding=\"async\" src=\"https:\/\/valvepress.s3.amazonaws.com\/imgs\/buy_now.png\"><\/a><br \/>\n<\/p>\n<p>       From the manufacturer <\/p>\n<p>          <img decoding=\"async\" alt=\"16pc Dinnerware Set of 4 06\" src=\"https:\/\/images-na.ssl-images-amazon.com\/images\/G\/01\/x-locale\/common\/grey-pixel.gif\" class=\"a-spacing-base a-lazy-loaded\" data-src=\"https:\/\/m.media-amazon.com\/images\/S\/aplus-media-library-service-media\/d53f63e8-33bb-46c7-85bf-31bfc5dd1fd6.__CR0,0,970,600_PT0_SX970_V1___.jpg\"><\/p>\n<p>           <img decoding=\"async\" alt=\"16pc Dinnerware Set of 4 06\" src=\"https:\/\/m.media-amazon.com\/images\/S\/aplus-media-library-service-media\/d53f63e8-33bb-46c7-85bf-31bfc5dd1fd6.__CR0,0,970,600_PT0_SX970_V1___.jpg\"><\/p>\n<h3 class=\"a-spacing-mini\"> DISHWASHER SAFE <\/h3>\n<p class=\"a-spacing-base\"> Hate hand washing dishes? So do we! This set is conveniently dishwasher safe and its glazed finish creates a non-porous, watertight layer that makes these dishes virtually impermeable to liquids, stains, and odors. <\/p>\n<p>          <img decoding=\"async\" alt=\"16pc Dinnerware Set of 4 07\" src=\"https:\/\/images-na.ssl-images-amazon.com\/images\/G\/01\/x-locale\/common\/grey-pixel.gif\" class=\"a-spacing-base a-lazy-loaded\" data-src=\"https:\/\/m.media-amazon.com\/images\/S\/aplus-media-library-service-media\/7a1603ee-e898-4e83-8d6c-a82557fa2cdd.__CR0,0,970,600_PT0_SX970_V1___.jpg\"><\/p>\n<p>           <img decoding=\"async\" alt=\"16pc Dinnerware Set of 4 07\" src=\"https:\/\/m.media-amazon.com\/images\/S\/aplus-media-library-service-media\/7a1603ee-e898-4e83-8d6c-a82557fa2cdd.__CR0,0,970,600_PT0_SX970_V1___.jpg\"><\/p>\n<h3 class=\"a-spacing-mini\"> VAVIOUS COLORS <\/h3>\n<p class=\"a-spacing-base\"> This color and design are showing good quality with great value. This dishes are beautiful for kitchen d\u00e9cor, dinning set, new home and essential items, modern home d\u00e9cor, apartment d\u00e9cor, western d\u00e9cor, classic living dinnerware, fall dishes, ceramic dinnerware sets. <\/p>\n<p>          <img decoding=\"async\" alt=\"16pc Dinnerware Set of 4 08\" src=\"https:\/\/images-na.ssl-images-amazon.com\/images\/G\/01\/x-locale\/common\/grey-pixel.gif\" class=\"a-spacing-base a-lazy-loaded\" data-src=\"https:\/\/m.media-amazon.com\/images\/S\/aplus-media-library-service-media\/a6f7a9bd-163f-4305-a5e1-bdc57bdad7f5.__CR0,0,970,600_PT0_SX970_V1___.jpg\"><\/p>\n<p>           <img decoding=\"async\" alt=\"16pc Dinnerware Set of 4 08\" src=\"https:\/\/m.media-amazon.com\/images\/S\/aplus-media-library-service-media\/a6f7a9bd-163f-4305-a5e1-bdc57bdad7f5.__CR0,0,970,600_PT0_SX970_V1___.jpg\"><\/p>\n<h3 class=\"a-spacing-mini\"> WELL DESIGN <\/h3>\n<p class=\"a-spacing-base\"> Slightly ribbed texture joins a contemporary look with rustic style <\/p>\n<p>          <img decoding=\"async\" alt=\"16pc Dinnerware Set of 4 09\" src=\"https:\/\/images-na.ssl-images-amazon.com\/images\/G\/01\/x-locale\/common\/grey-pixel.gif\" class=\"a-spacing-base a-lazy-loaded\" data-src=\"https:\/\/m.media-amazon.com\/images\/S\/aplus-media-library-service-media\/72e12539-7886-4e9d-b249-2613e0c0cc8e.__CR0,0,970,600_PT0_SX970_V1___.jpg\"><\/p>\n<p>           <img decoding=\"async\" alt=\"16pc Dinnerware Set of 4 09\" src=\"https:\/\/m.media-amazon.com\/images\/S\/aplus-media-library-service-media\/72e12539-7886-4e9d-b249-2613e0c0cc8e.__CR0,0,970,600_PT0_SX970_V1___.jpg\"><\/p>\n<h3 class=\"a-spacing-mini\"> ARTISTIC DESIGN <\/h3>\n<p class=\"a-spacing-base\"> Casual beauty is effortless with this dinnerware set; Freeform rims and glaze finish bring artesian warmth to your everyday family dining; Color and shape may vary slightly due to the artistic variance and handmade feel. <\/p>\n<p>          <img decoding=\"async\" alt=\"16pc Dinnerware Set of 4 10\" src=\"https:\/\/images-na.ssl-images-amazon.com\/images\/G\/01\/x-locale\/common\/grey-pixel.gif\" class=\"a-spacing-base a-lazy-loaded\" data-src=\"https:\/\/m.media-amazon.com\/images\/S\/aplus-media-library-service-media\/85d87ace-5eb6-4776-a9b8-908b6bf1ae5f.__CR0,0,970,600_PT0_SX970_V1___.jpg\"><\/p>\n<p>           <img decoding=\"async\" alt=\"16pc Dinnerware Set of 4 10\" src=\"https:\/\/m.media-amazon.com\/images\/S\/aplus-media-library-service-media\/85d87ace-5eb6-4776-a9b8-908b6bf1ae5f.__CR0,0,970,600_PT0_SX970_V1___.jpg\"><\/p>\n<h3 class=\"a-spacing-mini\"> BETTER PRODUCTS <\/h3>\n<p class=\"a-spacing-base\"> Better Life. <\/p>\n<p>DISHWASHER SAFE: Hate hand washing dishes? So do we! This set is conveniently dishwasher safe and its glazed finish creates a non-porous, watertight layer that makes these dishes virtually impermeable to liquids, stains, and odors.<br \/>This color and design are showing good quality with great value. This dishes are beautiful for kitchen d\u00e9cor, dinning set, new home and essential items, modern home d\u00e9cor, apartment d\u00e9cor, western d\u00e9cor, classic living dinnerware, fall dishes, dish sets for 4, ceramic dinnerware sets.<br \/>PERFECT FOR GIFTING: beautiful colors, trend forward design, and the ability to mix and match sets makes this collection the perfect gift and holiday present for your friends and relatives. This collection is particularly popular as a wedding gift for couple\u2019s moving into a new home together.<br \/>Casual beauty is effortless with this dinnerware set; Freeform rims and glaze finish bring artesian warmth to your everyday family dining; Color and shape may vary slightly due to the artistic variance and handmade feel<br \/>\n<br \/><\/p>\n","protected":false},"excerpt":{"rendered":"<p> From the manufacturer DISHWASHER SAFE Hate hand washing dishes? So do we! This set is conveniently dishwasher safe and its glazed finish creates a non-porous, watertight layer that makes these dishes virtually impermeable to liquids, stains, and odors. VAVIOUS COLORS This color and design are showing good quality with great [&hellip;]<\/p>\n","protected":false},"featured_media":33300,"comment_status":"open","ping_status":"closed","template":"","meta":{"site-sidebar-layout":"default","site-content-layout":"","ast-site-content-layout":"default","site-content-style":"default","site-sidebar-style":"default","ast-global-header-display":"","ast-banner-title-visibility":"","ast-main-header-display":"","ast-hfb-above-header-display":"","ast-hfb-below-header-display":"","ast-hfb-mobile-header-display":"","site-post-title":"","ast-breadcrumbs-content":"","ast-featured-img":"","footer-sml-layout":"","ast-disable-related-posts":"","theme-transparent-header-meta":"","adv-header-id-meta":"","stick-header-meta":"","header-above-stick-meta":"","header-main-stick-meta":"","header-below-stick-meta":"","astra-migrate-meta-layouts":"default","ast-page-background-enabled":"default","ast-page-background-meta":{"desktop":{"background-color":"var(--ast-global-color-4)","background-image":"","background-repeat":"repeat","background-position":"center center","background-size":"auto","background-attachment":"scroll","background-type":"","background-media":"","overlay-type":"","overlay-color":"","overlay-opacity":"","overlay-gradient":""},"tablet":{"background-color":"","background-image":"","background-repeat":"repeat","background-position":"center center","background-size":"auto","background-attachment":"scroll","background-type":"","background-media":"","overlay-type":"","overlay-color":"","overlay-opacity":"","overlay-gradient":""},"mobile":{"background-color":"","background-image":"","background-repeat":"repeat","background-position":"center center","background-size":"auto","background-attachment":"scroll","background-type":"","background-media":"","overlay-type":"","overlay-color":"","overlay-opacity":"","overlay-gradient":""}},"ast-content-background-meta":{"desktop":{"background-color":"var(--ast-global-color-5)","background-image":"","background-repeat":"repeat","background-position":"center center","background-size":"auto","background-attachment":"scroll","background-type":"","background-media":"","overlay-type":"","overlay-color":"","overlay-opacity":"","overlay-gradient":""},"tablet":{"background-color":"var(--ast-global-color-5)","background-image":"","background-repeat":"repeat","background-position":"center center","background-size":"auto","background-attachment":"scroll","background-type":"","background-media":"","overlay-type":"","overlay-color":"","overlay-opacity":"","overlay-gradient":""},"mobile":{"background-color":"var(--ast-global-color-5)","background-image":"","background-repeat":"repeat","background-position":"center center","background-size":"auto","background-attachment":"scroll","background-type":"","background-media":"","overlay-type":"","overlay-color":"","overlay-opacity":"","overlay-gradient":""}}},"product_brand":[],"product_cat":[24],"product_tag":[122],"class_list":{"0":"post-33299","1":"product","2":"type-product","3":"status-publish","4":"has-post-thumbnail","6":"product_cat-stylish-tableware-and-serveware","7":"product_tag-stoneware-plates","8":"desktop-align-left","9":"tablet-align-left","10":"mobile-align-left","12":"first","13":"instock","14":"sale","15":"shipping-taxable","16":"product-type-external"},"_links":{"self":[{"href":"https:\/\/kechenessentials.com\/index.php\/wp-json\/wp\/v2\/product\/33299","targetHints":{"allow":["GET"]}}],"collection":[{"href":"https:\/\/kechenessentials.com\/index.php\/wp-json\/wp\/v2\/product"}],"about":[{"href":"https:\/\/kechenessentials.com\/index.php\/wp-json\/wp\/v2\/types\/product"}],"replies":[{"embeddable":true,"href":"https:\/\/kechenessentials.com\/index.php\/wp-json\/wp\/v2\/comments?post=33299"}],"wp:featuredmedia":[{"embeddable":true,"href":"https:\/\/kechenessentials.com\/index.php\/wp-json\/wp\/v2\/media\/33300"}],"wp:attachment":[{"href":"https:\/\/kechenessentials.com\/index.php\/wp-json\/wp\/v2\/media?parent=33299"}],"wp:term":[{"taxonomy":"product_brand","embeddable":true,"href":"https:\/\/kechenessentials.com\/index.php\/wp-json\/wp\/v2\/product_brand?post=33299"},{"taxonomy":"product_cat","embeddable":true,"href":"https:\/\/kechenessentials.com\/index.php\/wp-json\/wp\/v2\/product_cat?post=33299"},{"taxonomy":"product_tag","embeddable":true,"href":"https:\/\/kechenessentials.com\/index.php\/wp-json\/wp\/v2\/product_tag?post=33299"}],"curies":[{"name":"wp","href":"https:\/\/api.w.org\/{rel}","templated":true}]}}