{"id":30575,"date":"2023-10-26T21:06:03","date_gmt":"2023-10-26T21:06:03","guid":{"rendered":"https:\/\/kechenessentials.com\/index.php\/product\/duxtop-ceramic-non-stick-saute-pan-induction-stainless-steel-saute-pan-5-5-qt-deep-skillet-with-lid-professional-grade-and-impact-bonded-technology-fusion-ti\/"},"modified":"2023-10-26T21:06:03","modified_gmt":"2023-10-26T21:06:03","slug":"duxtop-ceramic-non-stick-saute-pan-induction-stainless-steel-saute-pan-5-5-qt-deep-skillet-with-lid-professional-grade-and-impact-bonded-technology-fusion-ti","status":"publish","type":"product","link":"https:\/\/kechenessentials.com\/index.php\/product\/duxtop-ceramic-non-stick-saute-pan-induction-stainless-steel-saute-pan-5-5-qt-deep-skillet-with-lid-professional-grade-and-impact-bonded-technology-fusion-ti\/","title":{"rendered":"Duxtop Ceramic Non-stick Saut\u00e9 Pan, Induction Stainless Steel Saut\u00e9 Pan, 5.5-Qt Deep Skillet with Lid, Professional Grade and Impact-bonded Technology, FUSION Ti"},"content":{"rendered":"<p>Price: <span style=\"color:#b12704\"><del>$89.99<\/del> - $66.29<\/span><br \/><i><small>(as of Oct 26, 2023 21:06:03 UTC &#8211; <span class=\"wp_automatic_amazon_disclaimer\" title=\"Product prices and availability are accurate as of the date\/time indicated and are subject to change. Any price and availability information displayed on [relevant Amazon Site(s), as applicable] at the time of purchase will apply to the purchase of this product.\">Details<\/span>)<\/small><\/i><\/p>\n<p><a href=\"https:\/\/amazon.com\/dp\/B07SZGM2H3?tag=kechenessenti-20\" target=\"_blank\" rel=\"noopener\"><img decoding=\"async\" src=\"https:\/\/valvepress.s3.amazonaws.com\/imgs\/buy_now.png\"><\/a><br \/>\n<\/p>\n<p>        From the brand <\/p>\n<p>              <img decoding=\"async\" alt=\"1\" src=\"https:\/\/images-na.ssl-images-amazon.com\/images\/G\/01\/x-locale\/common\/grey-pixel.gif\" class=\"a-lazy-loaded\" data-src=\"https:\/\/m.media-amazon.com\/images\/S\/aplus-media-library-service-media\/a4e53c1a-2bc1-4b38-b751-111c2418bb89.__CR0,0,1464,625_PT0_SX1464_V1___.jpg\"><\/p>\n<p>               <img decoding=\"async\" alt=\"1\" src=\"https:\/\/m.media-amazon.com\/images\/S\/aplus-media-library-service-media\/a4e53c1a-2bc1-4b38-b751-111c2418bb89.__CR0,0,1464,625_PT0_SX1464_V1___.jpg\"><\/p>\n<p>                    <img decoding=\"async\" alt=\"duxtop\" src=\"https:\/\/images-na.ssl-images-amazon.com\/images\/G\/01\/x-locale\/common\/grey-pixel.gif\" class=\"a-lazy-loaded\" data-src=\"https:\/\/m.media-amazon.com\/images\/S\/aplus-media-library-service-media\/4bc4cc70-e425-483b-8d5e-3400229ff861.__CR98,0,391,180_PT0_SX315_V1___.jpg\"><\/p>\n<p>                     <img decoding=\"async\" alt=\"duxtop\" src=\"https:\/\/m.media-amazon.com\/images\/S\/aplus-media-library-service-media\/4bc4cc70-e425-483b-8d5e-3400229ff861.__CR98,0,391,180_PT0_SX315_V1___.jpg\"><\/p>\n<p> About Secura <\/p>\n<p> SECURA is a leading North American small appliance manufacturer. Our products are sold under the SECURA and Duxtop brands. Our products are top sellers on many online shopping sites as well as in several large national retail stores. <\/p>\n<p> We proudly stand behind our comprehensive warranties for all of our Secura and Duxtop brand products. Our commitment to our customers is second to none. <\/p>\n<h3> Cookware Set Collection <\/h3>\n<p class=\"apm-brand-story-stores-link\">\n<h3> Tri-Ply Collection <\/h3>\n<p class=\"apm-brand-story-stores-link\">\n<h3> Impact-Bonded Collection <\/h3>\n<p class=\"apm-brand-story-stores-link\">\n<p>                    <img decoding=\"async\" alt=\"cookware\" src=\"https:\/\/images-na.ssl-images-amazon.com\/images\/G\/01\/x-locale\/common\/grey-pixel.gif\" class=\"a-lazy-loaded\" data-src=\"https:\/\/m.media-amazon.com\/images\/S\/aplus-media-library-service-media\/7b4b5abd-eba9-4754-9b65-e0b51352bca6.__CR44,0,1279,1600_PT0_SX362_V1___.jpg\"><\/p>\n<p>                     <img decoding=\"async\" alt=\"cookware\" src=\"https:\/\/m.media-amazon.com\/images\/S\/aplus-media-library-service-media\/7b4b5abd-eba9-4754-9b65-e0b51352bca6.__CR44,0,1279,1600_PT0_SX362_V1___.jpg\"><\/p>\n<p>HEAVY BOTTOM &#038; EVEN HEATING: The induction stainless steel pan with heavy-gauge impacted-bonded aluminum encapsulated bottom provide even and energy-efficient heating and is built to last a lifetime. Suitable for all stovetops, such as induction, gas, electric and halogen cooktops\u2014perfect for even the most seasoned cooks.<br \/>COMFORTABLE HANDLE GLASS LID: The saut\u00e9 pan with lid features a classic straight-sided and drip-free pouring design. Riveted to the frying pan is a stay-cool stainless-steel perfect-grip handle, allowing for comfortable handling during cooking. The double rivets fix the handle, making it safer and durable. A clear tempered glass lid allows you to easily monitor progress and locks in moisture and heat.<br \/>VERSATILE FOR All COOKING NEEDS: With a large surface area and tall, straight sides, this 11-inch non-stick saut\u00e9 pan with lid combines the features of a skillet with a deep saut\u00e9 pan to create a versatile piece you&#8217;ll use every day. Ideal for everything from deep frying, stir-frying and saut\u00e9ing to simmering and braising.<br \/>USE CARE &#038; GUARANTEE: For best performance, ceramic non-stick cookware requires to use low to medium heat with a small amount of oil or butter to cook \u2013 silicone, nylon, plastic, or wooden utensils recommended. Oven-safe to 500\u00b0F. Dishwasher-safe. Freezer-safe for food storage. Limited lifetime warranty and customer service is available.<br \/>\n<br \/><\/p>\n","protected":false},"excerpt":{"rendered":"<p> From the brand About Secura SECURA is a leading North American small appliance manufacturer. Our products are sold under the SECURA and Duxtop brands. Our products are top sellers on many online shopping sites as well as in several large national retail stores. We proudly stand behind our comprehensive warranties [&hellip;]<\/p>\n","protected":false},"featured_media":30576,"comment_status":"open","ping_status":"closed","template":"","meta":{"site-sidebar-layout":"default","site-content-layout":"","ast-site-content-layout":"default","site-content-style":"default","site-sidebar-style":"default","ast-global-header-display":"","ast-banner-title-visibility":"","ast-main-header-display":"","ast-hfb-above-header-display":"","ast-hfb-below-header-display":"","ast-hfb-mobile-header-display":"","site-post-title":"","ast-breadcrumbs-content":"","ast-featured-img":"","footer-sml-layout":"","ast-disable-related-posts":"","theme-transparent-header-meta":"","adv-header-id-meta":"","stick-header-meta":"","header-above-stick-meta":"","header-main-stick-meta":"","header-below-stick-meta":"","astra-migrate-meta-layouts":"default","ast-page-background-enabled":"default","ast-page-background-meta":{"desktop":{"background-color":"var(--ast-global-color-4)","background-image":"","background-repeat":"repeat","background-position":"center center","background-size":"auto","background-attachment":"scroll","background-type":"","background-media":"","overlay-type":"","overlay-color":"","overlay-opacity":"","overlay-gradient":""},"tablet":{"background-color":"","background-image":"","background-repeat":"repeat","background-position":"center center","background-size":"auto","background-attachment":"scroll","background-type":"","background-media":"","overlay-type":"","overlay-color":"","overlay-opacity":"","overlay-gradient":""},"mobile":{"background-color":"","background-image":"","background-repeat":"repeat","background-position":"center center","background-size":"auto","background-attachment":"scroll","background-type":"","background-media":"","overlay-type":"","overlay-color":"","overlay-opacity":"","overlay-gradient":""}},"ast-content-background-meta":{"desktop":{"background-color":"var(--ast-global-color-5)","background-image":"","background-repeat":"repeat","background-position":"center center","background-size":"auto","background-attachment":"scroll","background-type":"","background-media":"","overlay-type":"","overlay-color":"","overlay-opacity":"","overlay-gradient":""},"tablet":{"background-color":"var(--ast-global-color-5)","background-image":"","background-repeat":"repeat","background-position":"center center","background-size":"auto","background-attachment":"scroll","background-type":"","background-media":"","overlay-type":"","overlay-color":"","overlay-opacity":"","overlay-gradient":""},"mobile":{"background-color":"var(--ast-global-color-5)","background-image":"","background-repeat":"repeat","background-position":"center center","background-size":"auto","background-attachment":"scroll","background-type":"","background-media":"","overlay-type":"","overlay-color":"","overlay-opacity":"","overlay-gradient":""}}},"product_brand":[],"product_cat":[29],"product_tag":[295],"class_list":{"0":"post-30575","1":"product","2":"type-product","3":"status-publish","4":"has-post-thumbnail","6":"product_cat-professional-grade-nonstick-pans","7":"product_tag-professional-grade-non-stick-pan","8":"desktop-align-left","9":"tablet-align-left","10":"mobile-align-left","12":"first","13":"instock","14":"sale","15":"shipping-taxable","16":"product-type-external"},"_links":{"self":[{"href":"https:\/\/kechenessentials.com\/index.php\/wp-json\/wp\/v2\/product\/30575","targetHints":{"allow":["GET"]}}],"collection":[{"href":"https:\/\/kechenessentials.com\/index.php\/wp-json\/wp\/v2\/product"}],"about":[{"href":"https:\/\/kechenessentials.com\/index.php\/wp-json\/wp\/v2\/types\/product"}],"replies":[{"embeddable":true,"href":"https:\/\/kechenessentials.com\/index.php\/wp-json\/wp\/v2\/comments?post=30575"}],"wp:featuredmedia":[{"embeddable":true,"href":"https:\/\/kechenessentials.com\/index.php\/wp-json\/wp\/v2\/media\/30576"}],"wp:attachment":[{"href":"https:\/\/kechenessentials.com\/index.php\/wp-json\/wp\/v2\/media?parent=30575"}],"wp:term":[{"taxonomy":"product_brand","embeddable":true,"href":"https:\/\/kechenessentials.com\/index.php\/wp-json\/wp\/v2\/product_brand?post=30575"},{"taxonomy":"product_cat","embeddable":true,"href":"https:\/\/kechenessentials.com\/index.php\/wp-json\/wp\/v2\/product_cat?post=30575"},{"taxonomy":"product_tag","embeddable":true,"href":"https:\/\/kechenessentials.com\/index.php\/wp-json\/wp\/v2\/product_tag?post=30575"}],"curies":[{"name":"wp","href":"https:\/\/api.w.org\/{rel}","templated":true}]}}