{"id":29999,"date":"2023-10-26T20:25:31","date_gmt":"2023-10-26T20:25:31","guid":{"rendered":"https:\/\/kechenessentials.com\/index.php\/product\/mueller-6-quart-pressure-cooker-10-in-1-cook-2-dishes-at-once-tempered-glass-lid-incl-saute-slow-cooker-rice-cooker-yogurt-maker-and-much-more\/"},"modified":"2023-10-26T20:25:31","modified_gmt":"2023-10-26T20:25:31","slug":"mueller-6-quart-pressure-cooker-10-in-1-cook-2-dishes-at-once-tempered-glass-lid-incl-saute-slow-cooker-rice-cooker-yogurt-maker-and-much-more","status":"publish","type":"product","link":"https:\/\/kechenessentials.com\/index.php\/product\/mueller-6-quart-pressure-cooker-10-in-1-cook-2-dishes-at-once-tempered-glass-lid-incl-saute-slow-cooker-rice-cooker-yogurt-maker-and-much-more\/","title":{"rendered":"Mueller 6 Quart Pressure Cooker 10 in 1, Cook 2 Dishes at Once, Tempered Glass Lid incl, Saute,\u00a0 Slow Cooker, Rice Cooker, Yogurt Maker and Much More"},"content":{"rendered":"<p>Price: <span style=\"color:#b12704\"><del>$119.97<\/del> - $99.97<\/span><br \/><i><small>(as of Oct 26, 2023 20:25:31 UTC &#8211; <span class=\"wp_automatic_amazon_disclaimer\" title=\"Product prices and availability are accurate as of the date\/time indicated and are subject to change. Any price and availability information displayed on [relevant Amazon Site(s), as applicable] at the time of purchase will apply to the purchase of this product.\">Details<\/span>)<\/small><\/i><\/p>\n<p><a href=\"https:\/\/amazon.com\/dp\/B07Q5BZFLB?tag=kechenessenti-20\" target=\"_blank\" rel=\"noopener\"><img decoding=\"async\" src=\"https:\/\/valvepress.s3.amazonaws.com\/imgs\/buy_now.png\"><\/a><br \/>\n<\/p>\n<p>         Product Description                                     <\/p>\n<p>                                                                    <img decoding=\"async\" alt=\"pressure cooker\" src=\"https:\/\/images-na.ssl-images-amazon.com\/images\/G\/01\/x-locale\/common\/grey-pixel.gif\" class=\"a-spacing-base a-lazy-loaded\" data-src=\"https:\/\/m.media-amazon.com\/images\/S\/aplus-media-library-service-media\/49f94e39-15a3-4162-a701-8ecf5fe827ed.__CR0,0,2910,1800_PT0_SX970_V1___.jpg\"><img decoding=\"async\" alt=\"pressure cooker\" src=\"https:\/\/m.media-amazon.com\/images\/S\/aplus-media-library-service-media\/49f94e39-15a3-4162-a701-8ecf5fe827ed.__CR0,0,2910,1800_PT0_SX970_V1___.jpg\">                                                                    <\/p>\n<p>\n                                                          <img decoding=\"async\" alt=\"versatile pressure cooker\" src=\"https:\/\/images-na.ssl-images-amazon.com\/images\/G\/01\/x-locale\/common\/grey-pixel.gif\" class=\"a-spacing-mini a-lazy-loaded\" data-src=\"https:\/\/m.media-amazon.com\/images\/S\/aplus-media-library-service-media\/4e98aab8-3f61-492c-b226-cd66a5d757e8.__CR0,0,900,900_PT0_SX300_V1___.jpg\"><img decoding=\"async\" alt=\"versatile pressure cooker\" src=\"https:\/\/m.media-amazon.com\/images\/S\/aplus-media-library-service-media\/4e98aab8-3f61-492c-b226-cd66a5d757e8.__CR0,0,900,900_PT0_SX300_V1___.jpg\">   <\/p>\n<p>\n                                                          <img decoding=\"async\" alt=\"easy to use ultrapot\" src=\"https:\/\/images-na.ssl-images-amazon.com\/images\/G\/01\/x-locale\/common\/grey-pixel.gif\" class=\"a-spacing-mini a-lazy-loaded\" data-src=\"https:\/\/m.media-amazon.com\/images\/S\/aplus-media-library-service-media\/7708ef48-15a2-4eca-bc51-30571ad8022b.__CR0,0,900,900_PT0_SX300_V1___.jpg\"><img decoding=\"async\" alt=\"easy to use ultrapot\" src=\"https:\/\/m.media-amazon.com\/images\/S\/aplus-media-library-service-media\/7708ef48-15a2-4eca-bc51-30571ad8022b.__CR0,0,900,900_PT0_SX300_V1___.jpg\">   <\/p>\n<p>\n                                                          <img decoding=\"async\" alt=\"heat resistant\" src=\"https:\/\/images-na.ssl-images-amazon.com\/images\/G\/01\/x-locale\/common\/grey-pixel.gif\" class=\"a-spacing-mini a-lazy-loaded\" data-src=\"https:\/\/m.media-amazon.com\/images\/S\/aplus-media-library-service-media\/63e59a9d-e211-4d2b-9f44-f822ae639140.__CR0,0,900,900_PT0_SX300_V1___.jpg\"><img decoding=\"async\" alt=\"heat resistant\" src=\"https:\/\/m.media-amazon.com\/images\/S\/aplus-media-library-service-media\/63e59a9d-e211-4d2b-9f44-f822ae639140.__CR0,0,900,900_PT0_SX300_V1___.jpg\">   <\/p>\n<p>                                                           Versatile &amp; Compact                                     <\/p>\n<p> This pressure cooker with its stylish nickel finish replaces 10 kitchen appliances and has 8 safety features! It\u2019s ideal for small kitchens, dorm rooms, and tiny houses with little storage. Safety features include a lid locking system, over-voltage protection, pressure limiting valve, pressure relief device and more. <\/p>\n<p>                                                           Easy to Use Control Panel                                     <\/p>\n<p> Select preprogrammed menu functions or customize time and pressure levels with the +\/- buttons. Adjust the default cook time with Less, Normal, or More modes. Are you a busy cook who wants dinner made while you\u2019re out? Use the delay start button to delay cooking (up to 24 hours). <\/p>\n<p>                                                           Strong Reliable Handles                                     <\/p>\n<p> Our pressure cooker is sturdy and safe with heat resistant handles.  The accessories include a stainless-steel inner pot and steamer to safely cook meals inside food grade materials. <\/p>\n<p>                                                                    <img decoding=\"async\" alt=\"slow cooker\" src=\"https:\/\/images-na.ssl-images-amazon.com\/images\/G\/01\/x-locale\/common\/grey-pixel.gif\" class=\"a-spacing-base a-lazy-loaded\" data-src=\"https:\/\/m.media-amazon.com\/images\/S\/aplus-media-library-service-media\/46b097a9-0321-4ebe-ba64-668a16b15956.__CR0,0,2910,1800_PT0_SX970_V1___.jpg\"><img decoding=\"async\" alt=\"slow cooker\" src=\"https:\/\/m.media-amazon.com\/images\/S\/aplus-media-library-service-media\/46b097a9-0321-4ebe-ba64-668a16b15956.__CR0,0,2910,1800_PT0_SX970_V1___.jpg\">                                                                    <\/p>\n<p>\n                                                          <img decoding=\"async\" alt=\"manual setting button\" src=\"https:\/\/images-na.ssl-images-amazon.com\/images\/G\/01\/x-locale\/common\/grey-pixel.gif\" class=\"a-spacing-mini a-lazy-loaded\" data-src=\"https:\/\/m.media-amazon.com\/images\/S\/aplus-media-library-service-media\/f9bc22e7-c5bd-4f7f-8471-166d96fa2e40.__CR0,0,900,900_PT0_SX300_V1___.jpg\"><img decoding=\"async\" alt=\"manual setting button\" src=\"https:\/\/m.media-amazon.com\/images\/S\/aplus-media-library-service-media\/f9bc22e7-c5bd-4f7f-8471-166d96fa2e40.__CR0,0,900,900_PT0_SX300_V1___.jpg\">   <\/p>\n<p>\n                                                          <img decoding=\"async\" alt=\"easy pressure canning\" src=\"https:\/\/images-na.ssl-images-amazon.com\/images\/G\/01\/x-locale\/common\/grey-pixel.gif\" class=\"a-spacing-mini a-lazy-loaded\" data-src=\"https:\/\/m.media-amazon.com\/images\/S\/aplus-media-library-service-media\/72f31bd5-b99d-4891-bfd1-511ddbf2e8a9.__CR0,0,900,900_PT0_SX300_V1___.jpg\"><img decoding=\"async\" alt=\"easy pressure canning\" src=\"https:\/\/m.media-amazon.com\/images\/S\/aplus-media-library-service-media\/72f31bd5-b99d-4891-bfd1-511ddbf2e8a9.__CR0,0,900,900_PT0_SX300_V1___.jpg\">   <\/p>\n<p>\n                                                          <img decoding=\"async\" alt=\"pressure control\" src=\"https:\/\/images-na.ssl-images-amazon.com\/images\/G\/01\/x-locale\/common\/grey-pixel.gif\" class=\"a-spacing-mini a-lazy-loaded\" data-src=\"https:\/\/m.media-amazon.com\/images\/S\/aplus-media-library-service-media\/b9f0c34d-2e19-4f26-b772-aacc15a846ff.__CR0,0,900,900_PT0_SX300_V1___.jpg\"><img decoding=\"async\" alt=\"pressure control\" src=\"https:\/\/m.media-amazon.com\/images\/S\/aplus-media-library-service-media\/b9f0c34d-2e19-4f26-b772-aacc15a846ff.__CR0,0,900,900_PT0_SX300_V1___.jpg\">   <\/p>\n<p>                                                           Manual Settings Buttons                                     <\/p>\n<p> Use the Pressure Cook button and the +\/- buttons to adjust the cooking time and pressure levels. Our included manual lists cooking times and settings to make meals quickly. You can even cook salmon with the steam mode. The yogurt maker function includes two steps: pasteurize and culture. <\/p>\n<p>                                                           Preserving Food                                     <\/p>\n<p> You don\u2019t need large pots for DIY canning. Our pressure canner preserves food. Sterilize canning jars with the steam setting and a few inches of water. Fill glass jars with prepared foods and hot water, as directed in your recipe. Remove air bubbles. Add the canning lids then pressurize. Steam releases during preheating. <\/p>\n<p>                                                           Pressure Limiting Valve                                     <\/p>\n<p> The pressure release valve on the lid provides two ways to release pressure: Natural Pressure Release (auto \u2013 it does it all for you) or Quick Pressure Release (set the valve from airtight to exhaust). The safety float valve needs to be down before opening the lid. <\/p>\n<p>                                              <img decoding=\"async\" alt=\"6 quart capacity\" src=\"https:\/\/images-na.ssl-images-amazon.com\/images\/G\/01\/x-locale\/common\/grey-pixel.gif\" class=\"a-spacing-mini a-lazy-loaded\" data-src=\"https:\/\/m.media-amazon.com\/images\/S\/aplus-media-library-service-media\/d17b860f-b0bd-444f-a886-43944b31b39d.__CR0,0,899,1199_PT0_SX300_V1___.jpg\"><img decoding=\"async\" alt=\"6 quart capacity\" src=\"https:\/\/m.media-amazon.com\/images\/S\/aplus-media-library-service-media\/d17b860f-b0bd-444f-a886-43944b31b39d.__CR0,0,899,1199_PT0_SX300_V1___.jpg\">   <\/p>\n<p>                                                      <img decoding=\"async\" alt=\"recipe book\" src=\"https:\/\/images-na.ssl-images-amazon.com\/images\/G\/01\/x-locale\/common\/grey-pixel.gif\" class=\"a-spacing-mini a-lazy-loaded\" data-src=\"https:\/\/m.media-amazon.com\/images\/S\/aplus-media-library-service-media\/454a3d81-e4c5-4a9b-892d-6fb9a3fcf08c.__CR0,0,600,300_PT0_SX350_V1___.jpg\"><img decoding=\"async\" alt=\"recipe book\" src=\"https:\/\/m.media-amazon.com\/images\/S\/aplus-media-library-service-media\/454a3d81-e4c5-4a9b-892d-6fb9a3fcf08c.__CR0,0,600,300_PT0_SX350_V1___.jpg\">                                      Recipe Book Included                               <\/p>\n<p class=\"a-spacing-small a-size-small a-color-secondary\"> We think you\u2019ll appreciate the delicious meals you can make with our included recipe book. Share photos of your favorite meals in the comments. <\/p>\n<h3 class=\"a-spacing-mini\"> Cook, Steam, Saut\u00e9 and more! <\/h3>\n<p class=\"a-spacing-base\"> Not just an electric rice cooker. Cook many food types with our multiple settings. <\/p>\n<p class=\"a-spacing-base\"> TIPS: The tempered glass lid is only for steam and cook functions (including canning and sterilizing baby bottles). Inner cooking pot has max fill lines. Watch the cooking stages on the LCD display (pre-heating, cooking, keep warm). Saut\u00e9 foods before pressure cooking for added flavor. <\/p>\n<p>                                                          Capacity: 6 L (6.34 quarts)       Power: 1000W, 120V-60Hz       Weight: 11.9 lbs       Dimensions: 12.4 \u00d7 13.0 \u00d7 13.9 in      <\/p>\n<p>                             Cutting Styles<br \/>\n                                N\/A              N\/A              Slice              Peel, julienne, strip corn, potato eye remover              Many pieces for different applications              chop, shred, egg seperator        <\/p>\n<p>                             Ergonomic Handling<br \/>\n                                N\/A              N\/A              Yes              Yes              Yes              Yes       <\/p>\n<p>                             Blade Type<br \/>\n                                N\/A              N\/A              Stainless Steel              Surgical Steel              Stainless Steel              Surgical Stainless Steel, 3-Wing Blade       <\/p>\n<p>                             Adjustable<br \/>\n                                Programmable! Includes delay start, adjustable time, and canning              2 rack levels, adjust temperature, time, toast levels              Cutting thickness 1mm to 3mm              Yes, includes 4 tools in 1              N\/A              Depends on how many times you spin       <\/p>\n<p>                             Accessories Included<br \/>\n                                Tempered glass lid, measuring cup, spoon, steamer basket, silicone gasket, recipe book              Baking pan (doubles as a drip pan), wire rack, manual, recipe book              Safety Food holder              Rotating serrated straight &amp; julienne blades + potato eye remover              kitchen scissors, peeler, knife stand, knife sharpener              Egg white separator, blade protector       <\/p>\n<p>                             Dimensions<br \/>\n                                12.2 x 13.2 x 13.2 inches              Exterior: 11.85 \u00d7 14.84 \u00d7 8.86 inches; Interior: 9.45 \u00d7 10.59 \u00d7 7.36 inches              15.2 x 7.4 x 4.06 inches              7.76 x 4.61 x 1.85 inches              15.07 x 11.06 x 4.69 inches              10.8 x 7.87 x 10.15 inches       <\/p>\n<p>                             Easy-to-Clean<br \/>\n                                Non-stick stainless steel inner pot              Wipe down the exterior with a damp cloth or sponge, sweep crumbs from the crumb tray              Top Rack Dishwasher Safe              Top Rack Dishwasher Safe              Dishwasher Safe              Top Rack Dishwasher Safe       <\/p>\n<p>                             Special Notes<br \/>\n                                Cook 2 things at once with the basket and rack              Fits 9\u201d pizza or 4 slices of bread (toasts on both sides!)              Compact design stores in a drawer easily              1 tool with multiple tools &#8211; great for camping and small living spaces              Stylish look makes a perfect hostess gift              Suction feet and a slide lock secure the chopper to a countertop       <\/p>\n<p>8 Safety Features \u2013 Unlike many multi cookers, our engineers designed built-in safety technology. Cook Your Meals Fast \u2013 Cooking fast with less water saves natural resources and energy, plus your time! Also has a food warmer function.<br \/>14 Presets + Custom \u2013 Choose presets or adjust time\/pressure levels. Makes rice, yogurt, poultry, meat\/stews, oatmeal, soup\/broth, beans\/chili, multigrain, eggs and cake. It includes canning, slow cook, steam, and saut\u00e9 prior to pressure cooking.<br \/>Non-Stick Cooking Pot \u2013 Cleaning is a breeze when you can quickly remove food. Accessories \u2013 Comes with an inner pot, stainless steel steamer basket, steam rack, tempered glass lid, spare gasket, measuring cup, spoon, and recipe book.<br \/>Superior Quality With Mueller \u2013 We are here to offer you only the best quality products designed to make your life easier. If you need help, please feel free to contact us. Our professional customer support is always here for you. Made in China.<br \/>\n<br \/><\/p>\n","protected":false},"excerpt":{"rendered":"<p> Product Description Versatile &amp; Compact This pressure cooker with its stylish nickel finish replaces 10 kitchen appliances and has 8 safety features! It\u2019s ideal for small kitchens, dorm rooms, and tiny houses with little storage. Safety features include a lid locking system, over-voltage protection, pressure limiting valve, pressure relief device [&hellip;]<\/p>\n","protected":false},"featured_media":30000,"comment_status":"open","ping_status":"closed","template":"","meta":{"site-sidebar-layout":"default","site-content-layout":"","ast-site-content-layout":"default","site-content-style":"default","site-sidebar-style":"default","ast-global-header-display":"","ast-banner-title-visibility":"","ast-main-header-display":"","ast-hfb-above-header-display":"","ast-hfb-below-header-display":"","ast-hfb-mobile-header-display":"","site-post-title":"","ast-breadcrumbs-content":"","ast-featured-img":"","footer-sml-layout":"","ast-disable-related-posts":"","theme-transparent-header-meta":"","adv-header-id-meta":"","stick-header-meta":"","header-above-stick-meta":"","header-main-stick-meta":"","header-below-stick-meta":"","astra-migrate-meta-layouts":"default","ast-page-background-enabled":"default","ast-page-background-meta":{"desktop":{"background-color":"var(--ast-global-color-4)","background-image":"","background-repeat":"repeat","background-position":"center center","background-size":"auto","background-attachment":"scroll","background-type":"","background-media":"","overlay-type":"","overlay-color":"","overlay-opacity":"","overlay-gradient":""},"tablet":{"background-color":"","background-image":"","background-repeat":"repeat","background-position":"center center","background-size":"auto","background-attachment":"scroll","background-type":"","background-media":"","overlay-type":"","overlay-color":"","overlay-opacity":"","overlay-gradient":""},"mobile":{"background-color":"","background-image":"","background-repeat":"repeat","background-position":"center center","background-size":"auto","background-attachment":"scroll","background-type":"","background-media":"","overlay-type":"","overlay-color":"","overlay-opacity":"","overlay-gradient":""}},"ast-content-background-meta":{"desktop":{"background-color":"var(--ast-global-color-5)","background-image":"","background-repeat":"repeat","background-position":"center center","background-size":"auto","background-attachment":"scroll","background-type":"","background-media":"","overlay-type":"","overlay-color":"","overlay-opacity":"","overlay-gradient":""},"tablet":{"background-color":"var(--ast-global-color-5)","background-image":"","background-repeat":"repeat","background-position":"center center","background-size":"auto","background-attachment":"scroll","background-type":"","background-media":"","overlay-type":"","overlay-color":"","overlay-opacity":"","overlay-gradient":""},"mobile":{"background-color":"var(--ast-global-color-5)","background-image":"","background-repeat":"repeat","background-position":"center center","background-size":"auto","background-attachment":"scroll","background-type":"","background-media":"","overlay-type":"","overlay-color":"","overlay-opacity":"","overlay-gradient":""}}},"product_brand":[],"product_cat":[36],"product_tag":[261],"class_list":{"0":"post-29999","1":"product","2":"type-product","3":"status-publish","4":"has-post-thumbnail","6":"product_cat-high-tech-multi-cookers-and-instant-pots","7":"product_tag-philips-premium-all-in-one-cooker","8":"desktop-align-left","9":"tablet-align-left","10":"mobile-align-left","12":"first","13":"instock","14":"sale","15":"shipping-taxable","16":"product-type-external"},"_links":{"self":[{"href":"https:\/\/kechenessentials.com\/index.php\/wp-json\/wp\/v2\/product\/29999","targetHints":{"allow":["GET"]}}],"collection":[{"href":"https:\/\/kechenessentials.com\/index.php\/wp-json\/wp\/v2\/product"}],"about":[{"href":"https:\/\/kechenessentials.com\/index.php\/wp-json\/wp\/v2\/types\/product"}],"replies":[{"embeddable":true,"href":"https:\/\/kechenessentials.com\/index.php\/wp-json\/wp\/v2\/comments?post=29999"}],"wp:featuredmedia":[{"embeddable":true,"href":"https:\/\/kechenessentials.com\/index.php\/wp-json\/wp\/v2\/media\/30000"}],"wp:attachment":[{"href":"https:\/\/kechenessentials.com\/index.php\/wp-json\/wp\/v2\/media?parent=29999"}],"wp:term":[{"taxonomy":"product_brand","embeddable":true,"href":"https:\/\/kechenessentials.com\/index.php\/wp-json\/wp\/v2\/product_brand?post=29999"},{"taxonomy":"product_cat","embeddable":true,"href":"https:\/\/kechenessentials.com\/index.php\/wp-json\/wp\/v2\/product_cat?post=29999"},{"taxonomy":"product_tag","embeddable":true,"href":"https:\/\/kechenessentials.com\/index.php\/wp-json\/wp\/v2\/product_tag?post=29999"}],"curies":[{"name":"wp","href":"https:\/\/api.w.org\/{rel}","templated":true}]}}