{"id":23937,"date":"2023-10-25T12:39:34","date_gmt":"2023-10-25T12:39:34","guid":{"rendered":"https:\/\/kechenessentials.com\/index.php\/product\/calphalon-slow-cooker-with-digital-timer-and-programmable-controls-5-3-quarts-stainless-steel\/"},"modified":"2023-10-25T12:39:34","modified_gmt":"2023-10-25T12:39:34","slug":"calphalon-slow-cooker-with-digital-timer-and-programmable-controls-5-3-quarts-stainless-steel","status":"publish","type":"product","link":"https:\/\/kechenessentials.com\/index.php\/product\/calphalon-slow-cooker-with-digital-timer-and-programmable-controls-5-3-quarts-stainless-steel\/","title":{"rendered":"Calphalon Slow Cooker with Digital Timer and Programmable Controls, 5.3 Quarts, Stainless Steel"},"content":{"rendered":"<p>Price: <span style=\"color:#b12704\"><del>$169.99<\/del> - $129.99<\/span><br \/><i><small>(as of Oct 25, 2023 12:39:34 UTC &#8211; <span class=\"wp_automatic_amazon_disclaimer\" title=\"Product prices and availability are accurate as of the date\/time indicated and are subject to change. Any price and availability information displayed on [relevant Amazon Site(s), as applicable] at the time of purchase will apply to the purchase of this product.\">Details<\/span>)<\/small><\/i><\/p>\n<p><a href=\"https:\/\/amazon.com\/dp\/B07GH89F6H?tag=kechenessenti-20\" target=\"_blank\" rel=\"noopener\"><img decoding=\"async\" src=\"https:\/\/valvepress.s3.amazonaws.com\/imgs\/buy_now.png\"><\/a><br \/>\n<\/p>\n<p>         From the manufacturer                                     <\/p>\n<p>                                          <img decoding=\"async\" alt=\"slow cooker\" src=\"https:\/\/images-na.ssl-images-amazon.com\/images\/G\/01\/x-locale\/common\/grey-pixel.gif\" class=\"a-lazy-loaded\" data-src=\"https:\/\/m.media-amazon.com\/images\/S\/aplus-media\/vc\/2f07a54e-a6fc-4163-ae24-52bf5605c0e3._CR0,0,1940,600_PT0_SX970__.jpg\"><img decoding=\"async\" alt=\"slow cooker\" src=\"https:\/\/m.media-amazon.com\/images\/S\/aplus-media\/vc\/2f07a54e-a6fc-4163-ae24-52bf5605c0e3._CR0,0,1940,600_PT0_SX970__.jpg\">   <\/p>\n<p>                                              <img decoding=\"async\" alt=\"slow cooker\" src=\"https:\/\/images-na.ssl-images-amazon.com\/images\/G\/01\/x-locale\/common\/grey-pixel.gif\" class=\"a-spacing-mini a-lazy-loaded\" data-src=\"https:\/\/m.media-amazon.com\/images\/S\/aplus-media\/vc\/947bb187-0512-4ffd-a3e8-fbe1fd8e62bd._CR0,0,570,570_PT0_SX300__.jpg\"><img decoding=\"async\" alt=\"slow cooker\" src=\"https:\/\/m.media-amazon.com\/images\/S\/aplus-media\/vc\/947bb187-0512-4ffd-a3e8-fbe1fd8e62bd._CR0,0,570,570_PT0_SX300__.jpg\">   <\/p>\n<h3 class=\"a-spacing-mini\"> Calphalon Digital Saut\u00e9 Slow Cooker, Dark Stainless Steel <\/h3>\n<p>                                    Precision Performance for Your Kitchen                                   <\/p>\n<p class=\"a-spacing-base\"> Sear, saut\u00e9, and slow cook all in one pot with the Calphalon Digital Saut\u00e9 Slow Cooker. The cooking pot can be removed to brown and sear food on electric, gas, or induction cooktops before slow cooking. The LCD digital display provides intuitive control of the cooking modes. Nonstick ceramic coating cleans easily and delivers more durability than standard nonstick surfaces. The slow cooker is perfect for one-pot dinners with a 5.3-quart capacity and is oven safe. <\/p>\n<p class=\"a-spacing-base\">\n<p>Fast food release and easy to clean2 heat settings and auto keep-warm modeLarge 5.3-quart capacityLED lights easily identify cooking modes                                                                     <\/p>\n<p>                                                    Key Features                                      One-pot cooking for max flavor       Cooking pot removes and is electric, gas, and induction range compatible       More durable cooking surface       Digital programmable controls        <\/p>\n<h3 class=\"a-spacing-small\"> The Benefits of Calphalon Quality  <\/h3>\n<p>\n                                                                  <img decoding=\"async\" alt=\"slow cooker\" src=\"https:\/\/images-na.ssl-images-amazon.com\/images\/G\/01\/x-locale\/common\/grey-pixel.gif\" class=\"a-lazy-loaded\" data-src=\"https:\/\/m.media-amazon.com\/images\/S\/aplus-media\/vc\/c87a6598-f514-4f10-80e7-27e35532ecb0._CR0,0,440,440_PT0_SX220__.jpg\"><img decoding=\"async\" alt=\"slow cooker\" src=\"https:\/\/m.media-amazon.com\/images\/S\/aplus-media\/vc\/c87a6598-f514-4f10-80e7-27e35532ecb0._CR0,0,440,440_PT0_SX220__.jpg\">   <\/p>\n<p>\n                                                                  <img decoding=\"async\" alt=\"slow cooker\" src=\"https:\/\/images-na.ssl-images-amazon.com\/images\/G\/01\/x-locale\/common\/grey-pixel.gif\" class=\"a-lazy-loaded\" data-src=\"https:\/\/m.media-amazon.com\/images\/S\/aplus-media\/vc\/14dfcaf2-38f3-4290-bc11-9b365575504d._CR0,0,440,440_PT0_SX220__.jpg\"><img decoding=\"async\" alt=\"slow cooker\" src=\"https:\/\/m.media-amazon.com\/images\/S\/aplus-media\/vc\/14dfcaf2-38f3-4290-bc11-9b365575504d._CR0,0,440,440_PT0_SX220__.jpg\">   <\/p>\n<p>\n                                                                  <img decoding=\"async\" alt=\"slow cooker\" src=\"https:\/\/images-na.ssl-images-amazon.com\/images\/G\/01\/x-locale\/common\/grey-pixel.gif\" class=\"a-lazy-loaded\" data-src=\"https:\/\/m.media-amazon.com\/images\/S\/aplus-media\/vc\/5d4d026a-a04c-4052-ba71-dcbb03da7260._CR0,0,440,440_PT0_SX220__.jpg\"><img decoding=\"async\" alt=\"slow cooker\" src=\"https:\/\/m.media-amazon.com\/images\/S\/aplus-media\/vc\/5d4d026a-a04c-4052-ba71-dcbb03da7260._CR0,0,440,440_PT0_SX220__.jpg\">   <\/p>\n<p>\n                                                                  <img decoding=\"async\" alt=\"slow cooker\" src=\"https:\/\/images-na.ssl-images-amazon.com\/images\/G\/01\/x-locale\/common\/grey-pixel.gif\" class=\"a-lazy-loaded\" data-src=\"https:\/\/m.media-amazon.com\/images\/S\/aplus-media\/vc\/442495a8-f12c-426c-9a08-bb9b1ab25733._CR0,0,440,440_PT0_SX220__.jpg\"><img decoding=\"async\" alt=\"slow cooker\" src=\"https:\/\/m.media-amazon.com\/images\/S\/aplus-media\/vc\/442495a8-f12c-426c-9a08-bb9b1ab25733._CR0,0,440,440_PT0_SX220__.jpg\">   <\/p>\n<p>                                                                   Cooktop Compatibility                                    <\/p>\n<p class=\"a-size-small\"> Cook your meal from start to finish in a removable pot that is electric, gas, and induction range compatible <\/p>\n<p>                                                                   Ceramic Cooking Surface                                   <\/p>\n<p class=\"a-size-small\"> Ceramic cooking surface delivers even heat for fewer cool spots and is more durable <\/p>\n<p>                                                                   Large 5.3-Quart Capacity                                   <\/p>\n<p class=\"a-size-small\"> Large 5.3-quart food capacity is perfect for one-pot family meals <\/p>\n<p>                                                                   Digital Controls                                    <\/p>\n<p class=\"a-size-small\"> Program, adjust settings, and monitor heating modes with intuitive digital display <\/p>\n<p>                                          <img decoding=\"async\" alt=\"Slow Cooker \tProgrammable Slow Cooker \tLarge Slow Cooker \t5 Quart Slow Cooker\tCeramic Slow Cooker \" src=\"https:\/\/images-na.ssl-images-amazon.com\/images\/G\/01\/x-locale\/common\/grey-pixel.gif\" class=\"a-lazy-loaded\" data-src=\"https:\/\/m.media-amazon.com\/images\/S\/aplus-media\/vc\/824c14fb-475e-40e5-80b4-5ffb2c00cb9a._CR0,0,1940,600_PT0_SX970__.jpg\"><img decoding=\"async\" alt=\"Slow Cooker \tProgrammable Slow Cooker \tLarge Slow Cooker \t5 Quart Slow Cooker\tCeramic Slow Cooker \" src=\"https:\/\/m.media-amazon.com\/images\/S\/aplus-media\/vc\/824c14fb-475e-40e5-80b4-5ffb2c00cb9a._CR0,0,1940,600_PT0_SX970__.jpg\">   <\/p>\n<p>                             Key Feature<br \/>\n                                40% more even heat for consistent cooking results              Adjusts speed according to recipe&#8217;s consistency              Extracts 20% more flavor from coffee grounds               Ceramic cooking surface delivers 20% more even heat               Ceramic cooking surface delivers 20% more even heat          <\/p>\n<p>                             Color<br \/>\n                                Dark stainless steel              Dark stainless steel              Dark stainless-steel accents              Dark stainless steel              Dark stainless steel          <\/p>\n<p>                             Item Dimensions<br \/>\n                                18.7&#8243; L x 15.6&#8243; W x 11.6&#8243; H               7.8&#8243; L x 8&#8243; W x 17.56&#8243; H               14.3&#8243; L x 7.6&#8243; W x 12.6&#8243; H               9.6&#8243; L x 11.2&#8243; W x 5.8&#8243; H               13&#8243; L x 12.5&#8243; W x 7.8&#8243; H           <\/p>\n<p>                             Material<br \/>\n                                Durable metal construction              Durable metal construction              Durable metal construction              Durable metal construction              Durable metal construction          <\/p>\n<p>Cooking pot is oven safe and compatible with electric, gas, and induction cooktops<br \/>Ceramic cooking surface is 11x more durable and provides 20% more even heat (Compared to standard nonstick)<br \/>Digital programmable controls<br \/>Fast food release and easy to clean<br \/>\n<br \/><\/p>\n","protected":false},"excerpt":{"rendered":"<p> From the manufacturer Calphalon Digital Saut\u00e9 Slow Cooker, Dark Stainless Steel Precision Performance for Your Kitchen Sear, saut\u00e9, and slow cook all in one pot with the Calphalon Digital Saut\u00e9 Slow Cooker. The cooking pot can be removed to brown and sear food on electric, gas, or induction cooktops before [&hellip;]<\/p>\n","protected":false},"featured_media":23938,"comment_status":"open","ping_status":"closed","template":"","meta":{"site-sidebar-layout":"default","site-content-layout":"","ast-site-content-layout":"default","site-content-style":"default","site-sidebar-style":"default","ast-global-header-display":"","ast-banner-title-visibility":"","ast-main-header-display":"","ast-hfb-above-header-display":"","ast-hfb-below-header-display":"","ast-hfb-mobile-header-display":"","site-post-title":"","ast-breadcrumbs-content":"","ast-featured-img":"","footer-sml-layout":"","ast-disable-related-posts":"","theme-transparent-header-meta":"","adv-header-id-meta":"","stick-header-meta":"","header-above-stick-meta":"","header-main-stick-meta":"","header-below-stick-meta":"","astra-migrate-meta-layouts":"default","ast-page-background-enabled":"default","ast-page-background-meta":{"desktop":{"background-color":"var(--ast-global-color-4)","background-image":"","background-repeat":"repeat","background-position":"center center","background-size":"auto","background-attachment":"scroll","background-type":"","background-media":"","overlay-type":"","overlay-color":"","overlay-opacity":"","overlay-gradient":""},"tablet":{"background-color":"","background-image":"","background-repeat":"repeat","background-position":"center center","background-size":"auto","background-attachment":"scroll","background-type":"","background-media":"","overlay-type":"","overlay-color":"","overlay-opacity":"","overlay-gradient":""},"mobile":{"background-color":"","background-image":"","background-repeat":"repeat","background-position":"center center","background-size":"auto","background-attachment":"scroll","background-type":"","background-media":"","overlay-type":"","overlay-color":"","overlay-opacity":"","overlay-gradient":""}},"ast-content-background-meta":{"desktop":{"background-color":"var(--ast-global-color-5)","background-image":"","background-repeat":"repeat","background-position":"center center","background-size":"auto","background-attachment":"scroll","background-type":"","background-media":"","overlay-type":"","overlay-color":"","overlay-opacity":"","overlay-gradient":""},"tablet":{"background-color":"var(--ast-global-color-5)","background-image":"","background-repeat":"repeat","background-position":"center center","background-size":"auto","background-attachment":"scroll","background-type":"","background-media":"","overlay-type":"","overlay-color":"","overlay-opacity":"","overlay-gradient":""},"mobile":{"background-color":"var(--ast-global-color-5)","background-image":"","background-repeat":"repeat","background-position":"center center","background-size":"auto","background-attachment":"scroll","background-type":"","background-media":"","overlay-type":"","overlay-color":"","overlay-opacity":"","overlay-gradient":""}}},"product_brand":[],"product_cat":[36],"product_tag":[260],"class_list":{"0":"post-23937","1":"product","2":"type-product","3":"status-publish","4":"has-post-thumbnail","6":"product_cat-high-tech-multi-cookers-and-instant-pots","7":"product_tag-breville-fast-slow-pro","8":"desktop-align-left","9":"tablet-align-left","10":"mobile-align-left","12":"first","13":"instock","14":"sale","15":"shipping-taxable","16":"product-type-external"},"_links":{"self":[{"href":"https:\/\/kechenessentials.com\/index.php\/wp-json\/wp\/v2\/product\/23937","targetHints":{"allow":["GET"]}}],"collection":[{"href":"https:\/\/kechenessentials.com\/index.php\/wp-json\/wp\/v2\/product"}],"about":[{"href":"https:\/\/kechenessentials.com\/index.php\/wp-json\/wp\/v2\/types\/product"}],"replies":[{"embeddable":true,"href":"https:\/\/kechenessentials.com\/index.php\/wp-json\/wp\/v2\/comments?post=23937"}],"wp:featuredmedia":[{"embeddable":true,"href":"https:\/\/kechenessentials.com\/index.php\/wp-json\/wp\/v2\/media\/23938"}],"wp:attachment":[{"href":"https:\/\/kechenessentials.com\/index.php\/wp-json\/wp\/v2\/media?parent=23937"}],"wp:term":[{"taxonomy":"product_brand","embeddable":true,"href":"https:\/\/kechenessentials.com\/index.php\/wp-json\/wp\/v2\/product_brand?post=23937"},{"taxonomy":"product_cat","embeddable":true,"href":"https:\/\/kechenessentials.com\/index.php\/wp-json\/wp\/v2\/product_cat?post=23937"},{"taxonomy":"product_tag","embeddable":true,"href":"https:\/\/kechenessentials.com\/index.php\/wp-json\/wp\/v2\/product_tag?post=23937"}],"curies":[{"name":"wp","href":"https:\/\/api.w.org\/{rel}","templated":true}]}}