{"id":10587,"date":"2023-10-23T21:46:26","date_gmt":"2023-10-23T21:46:26","guid":{"rendered":"https:\/\/kechenessentials.com\/index.php\/product\/onemore-12-inch-ceramic-serving-platters-white-rectangular-serving-trays-dishes-for-party-entertaining-stackable-plates-for-appetizers-desserts-baked-goods-set-of-2\/"},"modified":"2023-10-23T21:46:26","modified_gmt":"2023-10-23T21:46:26","slug":"onemore-12-inch-ceramic-serving-platters-white-rectangular-serving-trays-dishes-for-party-entertaining-stackable-plates-for-appetizers-desserts-baked-goods-set-of-2","status":"publish","type":"product","link":"https:\/\/kechenessentials.com\/index.php\/product\/onemore-12-inch-ceramic-serving-platters-white-rectangular-serving-trays-dishes-for-party-entertaining-stackable-plates-for-appetizers-desserts-baked-goods-set-of-2\/","title":{"rendered":"ONEMORE 12 Inch Ceramic Serving Platters, White Rectangular Serving Trays\/Dishes for Party Entertaining, Stackable Plates for Appetizers Desserts Baked Goods &#8211; Set of 2"},"content":{"rendered":"<p>Price: <span style=\"color:#b12704\">$21.99<\/span><br \/><i><small>(as of Oct 23, 2023 21:46:26 UTC &#8211; <span class=\"wp_automatic_amazon_disclaimer\" title=\"Product prices and availability are accurate as of the date\/time indicated and are subject to change. Any price and availability information displayed on [relevant Amazon Site(s), as applicable] at the time of purchase will apply to the purchase of this product.\">Details<\/span>)<\/small><\/i><\/p>\n<p><a href=\"https:\/\/amazon.com\/dp\/B09YRMWWBC?tag=kechenessenti-20\" target=\"_blank\" rel=\"noopener\"><img decoding=\"async\" src=\"https:\/\/valvepress.s3.amazonaws.com\/imgs\/buy_now.png\"><\/a><br \/>\n<\/p>\n<p>       From the brand <\/p>\n<p>             <img decoding=\"async\" alt=\"1\" src=\"https:\/\/images-na.ssl-images-amazon.com\/images\/G\/01\/x-locale\/common\/grey-pixel.gif\" class=\"a-lazy-loaded\" data-src=\"https:\/\/m.media-amazon.com\/images\/S\/aplus-media-library-service-media\/8d079cdf-1538-4cdf-80c5-f026b15db3f5.__CR0,0,1464,625_PT0_SX1464_V1___.jpg\"><\/p>\n<p>              <img decoding=\"async\" alt=\"1\" src=\"https:\/\/m.media-amazon.com\/images\/S\/aplus-media-library-service-media\/8d079cdf-1538-4cdf-80c5-f026b15db3f5.__CR0,0,1464,625_PT0_SX1464_V1___.jpg\"><\/p>\n<p>                   <img decoding=\"async\" alt=\"1\" src=\"https:\/\/images-na.ssl-images-amazon.com\/images\/G\/01\/x-locale\/common\/grey-pixel.gif\" class=\"a-lazy-loaded\" data-src=\"https:\/\/m.media-amazon.com\/images\/S\/aplus-media-library-service-media\/dc14831b-d9ad-496b-8c3e-61560e6e9814.__CR0,0,315,145_PT0_SX315_V1___.jpg\"><\/p>\n<p>                    <img decoding=\"async\" alt=\"1\" src=\"https:\/\/m.media-amazon.com\/images\/S\/aplus-media-library-service-media\/dc14831b-d9ad-496b-8c3e-61560e6e9814.__CR0,0,315,145_PT0_SX315_V1___.jpg\"><\/p>\n<p> ONEMORE Ceramics adheres to the simple, beautiful and practical design style of daily-use ceramics, injecting a fresh lifestyle into busy modern life. <\/p>\n<p> ONEMORE is a brand with a rich tradition, a commitment to sustainable development and a passion for innovation. Its products are beautiful, functional and durable. By combining traditional techniques with modern design, ONEMORE has become a truly unique and inspiring brand. <\/p>\n<h3> 9.5 inch\/11 inch Dinner Plates <\/h3>\n<p class=\"apm-brand-story-stores-link\">\n<h3> Coffee Mugs &amp; Soup Bowls <\/h3>\n<p class=\"apm-brand-story-stores-link\">\n<h3> Pasta Bowls &amp; Salad Plates <\/h3>\n<p class=\"apm-brand-story-stores-link\">\n<h3> Coffee Mugs &amp; Cereal Bowls <\/h3>\n<p class=\"apm-brand-story-stores-link\">\n<h3> Tiered Serving Tray <\/h3>\n<p class=\"apm-brand-story-stores-link\">\n<h3> Dessert Table Display Set <\/h3>\n<p class=\"apm-brand-story-stores-link\">\n<p>                   <img decoding=\"async\" alt=\"Ramekins\" src=\"https:\/\/images-na.ssl-images-amazon.com\/images\/G\/01\/x-locale\/common\/grey-pixel.gif\" class=\"a-lazy-loaded\" data-src=\"https:\/\/m.media-amazon.com\/images\/S\/aplus-media-library-service-media\/964962f8-7588-4c57-b127-a04bae69b830.__CR0,0,362,453_PT0_SX362_V1___.jpg\"><\/p>\n<p>                    <img decoding=\"async\" alt=\"Ramekins\" src=\"https:\/\/m.media-amazon.com\/images\/S\/aplus-media-library-service-media\/964962f8-7588-4c57-b127-a04bae69b830.__CR0,0,362,453_PT0_SX362_V1___.jpg\"><\/p>\n<h3> 4 oz Creme Brulee Ramekins <\/h3>\n<p> Elevate dessert experiences with our Cr\u00e8me Br\u00fbl\u00e9e Dishes. Perfectly sized for delightful portions. Indulge in culinary luxury today! <\/p>\n<p>Durable and Safe &#8212; Our lead and cadmium-free porcelain serving tray is built to last and won&#8217;t react with any food acids. It&#8217;s also microwavable, freezer safe, and oven safe up to 500F.<br \/>Easy to Clean &#8212; Our dishwasher-safe ceramic platters make cleaning up a breeze, and their stackable design makes them a great addition to any kitchen or restaurant decor.<br \/>Keep Your Food Warm &#8212; Our heat-resistant porcelain serving platter set can be placed on a griddle to keep your food warm, ensuring your guests or family can enjoy their meal at any time.<br \/>Perfect Gift Idea &#8212; Our set of 12&#8243; ceramic platters makes for a stunning gift on any occasion, from Mother&#8217;s Day and birthdays to anniversaries, wedding registries, and Christmas.<br \/>\n<br \/><\/p>\n","protected":false},"excerpt":{"rendered":"<p> From the brand ONEMORE Ceramics adheres to the simple, beautiful and practical design style of daily-use ceramics, injecting a fresh lifestyle into busy modern life. ONEMORE is a brand with a rich tradition, a commitment to sustainable development and a passion for innovation. Its products are beautiful, functional and durable. [&hellip;]<\/p>\n","protected":false},"featured_media":10589,"comment_status":"open","ping_status":"closed","template":"","meta":{"site-sidebar-layout":"default","site-content-layout":"","ast-site-content-layout":"default","site-content-style":"default","site-sidebar-style":"default","ast-global-header-display":"","ast-banner-title-visibility":"","ast-main-header-display":"","ast-hfb-above-header-display":"","ast-hfb-below-header-display":"","ast-hfb-mobile-header-display":"","site-post-title":"","ast-breadcrumbs-content":"","ast-featured-img":"","footer-sml-layout":"","ast-disable-related-posts":"","theme-transparent-header-meta":"","adv-header-id-meta":"","stick-header-meta":"","header-above-stick-meta":"","header-main-stick-meta":"","header-below-stick-meta":"","astra-migrate-meta-layouts":"default","ast-page-background-enabled":"default","ast-page-background-meta":{"desktop":{"background-color":"var(--ast-global-color-4)","background-image":"","background-repeat":"repeat","background-position":"center center","background-size":"auto","background-attachment":"scroll","background-type":"","background-media":"","overlay-type":"","overlay-color":"","overlay-opacity":"","overlay-gradient":""},"tablet":{"background-color":"","background-image":"","background-repeat":"repeat","background-position":"center center","background-size":"auto","background-attachment":"scroll","background-type":"","background-media":"","overlay-type":"","overlay-color":"","overlay-opacity":"","overlay-gradient":""},"mobile":{"background-color":"","background-image":"","background-repeat":"repeat","background-position":"center center","background-size":"auto","background-attachment":"scroll","background-type":"","background-media":"","overlay-type":"","overlay-color":"","overlay-opacity":"","overlay-gradient":""}},"ast-content-background-meta":{"desktop":{"background-color":"var(--ast-global-color-5)","background-image":"","background-repeat":"repeat","background-position":"center center","background-size":"auto","background-attachment":"scroll","background-type":"","background-media":"","overlay-type":"","overlay-color":"","overlay-opacity":"","overlay-gradient":""},"tablet":{"background-color":"var(--ast-global-color-5)","background-image":"","background-repeat":"repeat","background-position":"center center","background-size":"auto","background-attachment":"scroll","background-type":"","background-media":"","overlay-type":"","overlay-color":"","overlay-opacity":"","overlay-gradient":""},"mobile":{"background-color":"var(--ast-global-color-5)","background-image":"","background-repeat":"repeat","background-position":"center center","background-size":"auto","background-attachment":"scroll","background-type":"","background-media":"","overlay-type":"","overlay-color":"","overlay-opacity":"","overlay-gradient":""}}},"product_brand":[],"product_cat":[24],"product_tag":[125],"class_list":{"0":"post-10587","1":"product","2":"type-product","3":"status-publish","4":"has-post-thumbnail","6":"product_cat-stylish-tableware-and-serveware","7":"product_tag-stylish-serving-platters","8":"desktop-align-left","9":"tablet-align-left","10":"mobile-align-left","12":"first","13":"instock","14":"shipping-taxable","15":"product-type-external"},"_links":{"self":[{"href":"https:\/\/kechenessentials.com\/index.php\/wp-json\/wp\/v2\/product\/10587","targetHints":{"allow":["GET"]}}],"collection":[{"href":"https:\/\/kechenessentials.com\/index.php\/wp-json\/wp\/v2\/product"}],"about":[{"href":"https:\/\/kechenessentials.com\/index.php\/wp-json\/wp\/v2\/types\/product"}],"replies":[{"embeddable":true,"href":"https:\/\/kechenessentials.com\/index.php\/wp-json\/wp\/v2\/comments?post=10587"}],"wp:featuredmedia":[{"embeddable":true,"href":"https:\/\/kechenessentials.com\/index.php\/wp-json\/wp\/v2\/media\/10589"}],"wp:attachment":[{"href":"https:\/\/kechenessentials.com\/index.php\/wp-json\/wp\/v2\/media?parent=10587"}],"wp:term":[{"taxonomy":"product_brand","embeddable":true,"href":"https:\/\/kechenessentials.com\/index.php\/wp-json\/wp\/v2\/product_brand?post=10587"},{"taxonomy":"product_cat","embeddable":true,"href":"https:\/\/kechenessentials.com\/index.php\/wp-json\/wp\/v2\/product_cat?post=10587"},{"taxonomy":"product_tag","embeddable":true,"href":"https:\/\/kechenessentials.com\/index.php\/wp-json\/wp\/v2\/product_tag?post=10587"}],"curies":[{"name":"wp","href":"https:\/\/api.w.org\/{rel}","templated":true}]}}